{"id":682,"date":"2020-10-14T16:06:42","date_gmt":"2020-10-14T14:06:42","guid":{"rendered":"https:\/\/grossesgestalten.de\/?page_id=682"},"modified":"2026-04-01T17:15:46","modified_gmt":"2026-04-01T15:15:46","slug":"trainings","status":"publish","type":"page","link":"https:\/\/grossesgestalten.de\/en\/trainings\/","title":{"rendered":"Training"},"content":{"rendered":"<div data-elementor-type=\"wp-page\" data-elementor-id=\"682\" class=\"elementor elementor-682\">\n\t\t\t\t\t\t<section class=\"elementor-section elementor-top-section elementor-element elementor-element-d4a11b3 elementor-section-boxed elementor-section-height-default elementor-section-height-default\" data-id=\"d4a11b3\" data-element_type=\"section\" data-e-type=\"section\">\n\t\t\t\t\t\t<div class=\"elementor-container elementor-column-gap-default\">\n\t\t\t\t\t<div class=\"elementor-column elementor-col-100 elementor-top-column elementor-element elementor-element-9197540\" data-id=\"9197540\" data-element_type=\"column\" data-e-type=\"column\">\n\t\t\t<div class=\"elementor-widget-wrap elementor-element-populated\">\n\t\t\t\t\t\t<section class=\"elementor-section elementor-inner-section elementor-element elementor-element-8166ab1 elementor-section-boxed elementor-section-height-default elementor-section-height-default\" data-id=\"8166ab1\" data-element_type=\"section\" data-e-type=\"section\">\n\t\t\t\t\t\t<div class=\"elementor-container elementor-column-gap-default\">\n\t\t\t\t\t<div class=\"elementor-column elementor-col-100 elementor-inner-column elementor-element elementor-element-a4c10c7\" data-id=\"a4c10c7\" data-element_type=\"column\" data-e-type=\"column\">\n\t\t\t<div class=\"elementor-widget-wrap elementor-element-populated\">\n\t\t\t\t\t\t<div class=\"elementor-element elementor-element-5a3d759 elementor-widget elementor-widget-text-editor\" data-id=\"5a3d759\" data-element_type=\"widget\" data-e-type=\"widget\" data-widget_type=\"text-editor.default\">\n\t\t\t\t<div class=\"elementor-widget-container\">\n\t\t\t\t\t\t\t\t\t<p style=\"text-align: left;\">Der methodische Fokus meiner Seminare liegt auf Austausch und individuellem Erleben.<\/p>\n<p>In addition to theoretical impulses, the content of the training is generated from the participants' current expertise. As a result, learning can be experienced and utilised individually, participants build on existing knowledge and the personally valuable experiences can be integrated in the long term.<\/p>\n<p style=\"text-align: left;\">Ausschnitte aus meinem Kursprogramm k\u00f6nnen Sie im Folgenden einsehen.<\/p>\n<p>Feel free to request workshop options and price structure!<\/p>\t\t\t\t\t\t\t\t<\/div>\n\t\t\t\t<\/div>\n\t\t\t\t\t<\/div>\n\t\t<\/div>\n\t\t\t\t\t<\/div>\n\t\t<\/section>\n\t\t\t\t<div class=\"elementor-element elementor-element-901f553 elementor-widget elementor-widget-image\" data-id=\"901f553\" data-element_type=\"widget\" data-e-type=\"widget\" data-widget_type=\"image.default\">\n\t\t\t\t<div class=\"elementor-widget-container\">\n\t\t\t\t\t\t\t\t\t\t\t\t<figure class=\"wp-caption\">\n\t\t\t\t\t\t\t\t\t\t<img fetchpriority=\"high\" decoding=\"async\" width=\"1024\" height=\"674\" src=\"https:\/\/grossesgestalten.de\/wp-content\/uploads\/2026\/04\/Venture-Cafe_Anasteisha-Danger_rund-1024x674.png\" class=\"attachment-large size-large wp-image-2966\" alt=\"\" srcset=\"https:\/\/grossesgestalten.de\/wp-content\/uploads\/2026\/04\/Venture-Cafe_Anasteisha-Danger_rund-1024x674.png 1024w, https:\/\/grossesgestalten.de\/wp-content\/uploads\/2026\/04\/Venture-Cafe_Anasteisha-Danger_rund-300x198.png 300w, https:\/\/grossesgestalten.de\/wp-content\/uploads\/2026\/04\/Venture-Cafe_Anasteisha-Danger_rund-768x506.png 768w, https:\/\/grossesgestalten.de\/wp-content\/uploads\/2026\/04\/Venture-Cafe_Anasteisha-Danger_rund-18x12.png 18w, https:\/\/grossesgestalten.de\/wp-content\/uploads\/2026\/04\/Venture-Cafe_Anasteisha-Danger_rund.png 1280w\" sizes=\"(max-width: 1024px) 100vw, 1024px\" \/>\t\t\t\t\t\t\t\t\t\t\t<figcaption class=\"widget-image-caption wp-caption-text\">Bild: Anasteisha Danger @ Venture Caf\u00e9 <\/figcaption>\n\t\t\t\t\t\t\t\t\t\t<\/figure>\n\t\t\t\t\t\t\t\t\t<\/div>\n\t\t\t\t<\/div>\n\t\t\t\t\t<\/div>\n\t\t<\/div>\n\t\t\t\t\t<\/div>\n\t\t<\/section>\n\t\t\t\t<section class=\"elementor-section elementor-top-section elementor-element elementor-element-4b87a767 elementor-section-boxed elementor-section-height-default elementor-section-height-default\" data-id=\"4b87a767\" data-element_type=\"section\" data-e-type=\"section\">\n\t\t\t\t\t\t<div class=\"elementor-container elementor-column-gap-default\">\n\t\t\t\t\t<div class=\"elementor-column elementor-col-100 elementor-top-column elementor-element elementor-element-4edbd6d9\" data-id=\"4edbd6d9\" data-element_type=\"column\" data-e-type=\"column\">\n\t\t\t<div class=\"elementor-widget-wrap elementor-element-populated\">\n\t\t\t\t\t\t<section class=\"elementor-section elementor-inner-section elementor-element elementor-element-c4ba443 elementor-section-boxed elementor-section-height-default elementor-section-height-default\" data-id=\"c4ba443\" data-element_type=\"section\" data-e-type=\"section\">\n\t\t\t\t\t\t<div class=\"elementor-container elementor-column-gap-default\">\n\t\t\t\t\t<div class=\"elementor-column elementor-col-33 elementor-inner-column elementor-element elementor-element-3453193\" data-id=\"3453193\" data-element_type=\"column\" data-e-type=\"column\">\n\t\t\t<div class=\"elementor-widget-wrap elementor-element-populated\">\n\t\t\t\t\t\t<div class=\"elementor-element elementor-element-b2a7273 elementor-widget__width-initial elementor-widget elementor-widget-image\" data-id=\"b2a7273\" data-element_type=\"widget\" data-e-type=\"widget\" data-widget_type=\"image.default\">\n\t\t\t\t<div class=\"elementor-widget-container\">\n\t\t\t\t\t\t\t\t\t\t\t\t<figure class=\"wp-caption\">\n\t\t\t\t\t\t\t\t\t\t\t<a href=\"https:\/\/grossesgestalten.de\/en\/hochschuldidaktik\/\">\n\t\t\t\t\t\t\t<img decoding=\"async\" width=\"1165\" height=\"1160\" src=\"https:\/\/grossesgestalten.de\/wp-content\/uploads\/2024\/03\/Uni.png\" class=\"attachment-1536x1536 size-1536x1536 wp-image-2135\" alt=\"\" srcset=\"https:\/\/grossesgestalten.de\/wp-content\/uploads\/2024\/03\/Uni.png 1165w, https:\/\/grossesgestalten.de\/wp-content\/uploads\/2024\/03\/Uni-300x300.png 300w, https:\/\/grossesgestalten.de\/wp-content\/uploads\/2024\/03\/Uni-1024x1020.png 1024w, https:\/\/grossesgestalten.de\/wp-content\/uploads\/2024\/03\/Uni-150x150.png 150w, https:\/\/grossesgestalten.de\/wp-content\/uploads\/2024\/03\/Uni-768x765.png 768w, https:\/\/grossesgestalten.de\/wp-content\/uploads\/2024\/03\/Uni-12x12.png 12w, https:\/\/grossesgestalten.de\/wp-content\/uploads\/2024\/03\/Uni-60x60.png 60w\" sizes=\"(max-width: 1165px) 100vw, 1165px\" \/>\t\t\t\t\t\t\t\t<\/a>\n\t\t\t\t\t\t\t\t\t\t\t<figcaption class=\"widget-image-caption wp-caption-text\">Higher education didactics for the development of cooperative teaching and learning environments<\/figcaption>\n\t\t\t\t\t\t\t\t\t\t<\/figure>\n\t\t\t\t\t\t\t\t\t<\/div>\n\t\t\t\t<\/div>\n\t\t\t\t\t<\/div>\n\t\t<\/div>\n\t\t\t\t<div class=\"elementor-column elementor-col-33 elementor-inner-column elementor-element elementor-element-5fb4283\" data-id=\"5fb4283\" data-element_type=\"column\" data-e-type=\"column\">\n\t\t\t<div class=\"elementor-widget-wrap elementor-element-populated\">\n\t\t\t\t\t\t<div class=\"elementor-element elementor-element-dcaacd5 elementor-widget elementor-widget-image\" data-id=\"dcaacd5\" data-element_type=\"widget\" data-e-type=\"widget\" data-widget_type=\"image.default\">\n\t\t\t\t<div class=\"elementor-widget-container\">\n\t\t\t\t\t\t\t\t\t\t\t\t<figure class=\"wp-caption\">\n\t\t\t\t\t\t\t\t\t\t\t<a href=\"https:\/\/grossesgestalten.de\/en\/non-profit-fortbildungen\/\" target=\"_blank\">\n\t\t\t\t\t\t\t<img decoding=\"async\" width=\"1024\" height=\"996\" src=\"https:\/\/grossesgestalten.de\/wp-content\/uploads\/2024\/03\/Traeger-1024x996.png\" class=\"attachment-large size-large wp-image-2125\" alt=\"\" srcset=\"https:\/\/grossesgestalten.de\/wp-content\/uploads\/2024\/03\/Traeger-1024x996.png 1024w, https:\/\/grossesgestalten.de\/wp-content\/uploads\/2024\/03\/Traeger-300x292.png 300w, https:\/\/grossesgestalten.de\/wp-content\/uploads\/2024\/03\/Traeger-768x747.png 768w, https:\/\/grossesgestalten.de\/wp-content\/uploads\/2024\/03\/Traeger-12x12.png 12w, https:\/\/grossesgestalten.de\/wp-content\/uploads\/2024\/03\/Traeger-62x60.png 62w, https:\/\/grossesgestalten.de\/wp-content\/uploads\/2024\/03\/Traeger.png 1316w\" sizes=\"(max-width: 1024px) 100vw, 1024px\" \/>\t\t\t\t\t\t\t\t<\/a>\n\t\t\t\t\t\t\t\t\t\t\t<figcaption class=\"widget-image-caption wp-caption-text\">Non-profit organisations and associations<\/figcaption>\n\t\t\t\t\t\t\t\t\t\t<\/figure>\n\t\t\t\t\t\t\t\t\t<\/div>\n\t\t\t\t<\/div>\n\t\t\t\t\t<\/div>\n\t\t<\/div>\n\t\t\t\t<div class=\"elementor-column elementor-col-33 elementor-inner-column elementor-element elementor-element-70a1110\" data-id=\"70a1110\" data-element_type=\"column\" data-e-type=\"column\">\n\t\t\t<div class=\"elementor-widget-wrap elementor-element-populated\">\n\t\t\t\t\t\t<div class=\"elementor-element elementor-element-5343eaf elementor-widget__width-initial elementor-widget elementor-widget-image\" data-id=\"5343eaf\" data-element_type=\"widget\" data-e-type=\"widget\" data-widget_type=\"image.default\">\n\t\t\t\t<div class=\"elementor-widget-container\">\n\t\t\t\t\t\t\t\t\t\t\t\t<figure class=\"wp-caption\">\n\t\t\t\t\t\t\t\t\t\t\t<a href=\"https:\/\/grossesgestalten.de\/en\/nachhaltige-unternehmensfuehrung\/\">\n\t\t\t\t\t\t\t<img loading=\"lazy\" decoding=\"async\" width=\"727\" height=\"729\" src=\"https:\/\/grossesgestalten.de\/wp-content\/uploads\/2024\/03\/Unternehmen-1.png\" class=\"attachment-2048x2048 size-2048x2048 wp-image-2131\" alt=\"\" srcset=\"https:\/\/grossesgestalten.de\/wp-content\/uploads\/2024\/03\/Unternehmen-1.png 727w, https:\/\/grossesgestalten.de\/wp-content\/uploads\/2024\/03\/Unternehmen-1-300x300.png 300w, https:\/\/grossesgestalten.de\/wp-content\/uploads\/2024\/03\/Unternehmen-1-150x150.png 150w, https:\/\/grossesgestalten.de\/wp-content\/uploads\/2024\/03\/Unternehmen-1-12x12.png 12w, https:\/\/grossesgestalten.de\/wp-content\/uploads\/2024\/03\/Unternehmen-1-60x60.png 60w\" sizes=\"(max-width: 727px) 100vw, 727px\" \/>\t\t\t\t\t\t\t\t<\/a>\n\t\t\t\t\t\t\t\t\t\t\t<figcaption class=\"widget-image-caption wp-caption-text\">Leadership training for sutstainable corporate development<\/figcaption>\n\t\t\t\t\t\t\t\t\t\t<\/figure>\n\t\t\t\t\t\t\t\t\t<\/div>\n\t\t\t\t<\/div>\n\t\t\t\t\t<\/div>\n\t\t<\/div>\n\t\t\t\t\t<\/div>\n\t\t<\/section>\n\t\t\t\t<div class=\"elementor-element elementor-element-26240603 elementor-widget elementor-widget-text-editor\" data-id=\"26240603\" data-element_type=\"widget\" data-e-type=\"widget\" data-widget_type=\"text-editor.default\">\n\t\t\t\t<div class=\"elementor-widget-container\">\n\t\t\t\t\t\t\t\t\t<p><!-- \/wp:paragraph --><!-- wp:paragraph --><\/p>\n<p style=\"text-align: left;\">The offers can be booked online and\/or in person in German or English.<\/p>\n<p>\u00a0<\/p>\n<p><!-- \/wp:paragraph --><\/p>\t\t\t\t\t\t\t\t<\/div>\n\t\t\t\t<\/div>\n\t\t\t\t\t<\/div>\n\t\t<\/div>\n\t\t\t\t\t<\/div>\n\t\t<\/section>\n\t\t\t\t<\/div>","protected":false},"excerpt":{"rendered":"<p>In meinen Trainings und Seminaren ist es mir ein Anliegen, alle Teilnehmenden aktiv einzubeziehen, sodass Inhalte erfahr- und sp\u00fcrbar werden und die Gruppe von dem profitiert, was jede*r Einzelne in diesem vertrauensvollen Rahmen teilen m\u00f6chte. Dadurch kn\u00fcpfst du an dein bereits vorhandenes Wissen an und kannst die neuen Erfahrungen langfristig in dein Leben integrieren.<\/p>","protected":false},"author":1,"featured_media":0,"parent":0,"menu_order":0,"comment_status":"closed","ping_status":"closed","template":"elementor_theme","meta":{"_seopress_robots_primary_cat":"","_seopress_titles_title":"Trainings","_seopress_titles_desc":"Statt frontaler Wissensvermittlung beziehe ich alle Teilnehmenden aktiv ein, sodass sich die Inhalte aus der vorhandenen Expertise generieren und individuell erfahr- und sp\u00fcrbar werden. So profitiert die Gruppe von den Erfahrungswerten, die jede*r Einzelne in diesem vertrauensvollen Rahmen teilen m\u00f6chte. Dadurch kn\u00fcpfen die Teilnehmenden an ihr bereits vorhandenes Wissen an und k\u00f6nnen die f\u00fcr sie individuell wertvollen Erfahrungen langfristig in ihr Leben integrieren.","_seopress_robots_index":"","footnotes":""},"class_list":["post-682","page","type-page","status-publish","hentry"],"_links":{"self":[{"href":"https:\/\/grossesgestalten.de\/en\/wp-json\/wp\/v2\/pages\/682","targetHints":{"allow":["GET"]}}],"collection":[{"href":"https:\/\/grossesgestalten.de\/en\/wp-json\/wp\/v2\/pages"}],"about":[{"href":"https:\/\/grossesgestalten.de\/en\/wp-json\/wp\/v2\/types\/page"}],"author":[{"embeddable":true,"href":"https:\/\/grossesgestalten.de\/en\/wp-json\/wp\/v2\/users\/1"}],"replies":[{"embeddable":true,"href":"https:\/\/grossesgestalten.de\/en\/wp-json\/wp\/v2\/comments?post=682"}],"version-history":[{"count":192,"href":"https:\/\/grossesgestalten.de\/en\/wp-json\/wp\/v2\/pages\/682\/revisions"}],"predecessor-version":[{"id":2992,"href":"https:\/\/grossesgestalten.de\/en\/wp-json\/wp\/v2\/pages\/682\/revisions\/2992"}],"wp:attachment":[{"href":"https:\/\/grossesgestalten.de\/en\/wp-json\/wp\/v2\/media?parent=682"}],"curies":[{"name":"wp","href":"https:\/\/api.w.org\/{rel}","templated":true}]}}