{"id":2665,"date":"2024-10-15T18:39:43","date_gmt":"2024-10-15T16:39:43","guid":{"rendered":"https:\/\/grossesgestalten.de\/?page_id=2665"},"modified":"2026-04-01T16:27:06","modified_gmt":"2026-04-01T14:27:06","slug":"tarife","status":"publish","type":"page","link":"https:\/\/grossesgestalten.de\/en\/tarife\/","title":{"rendered":"Fees"},"content":{"rendered":"<div data-elementor-type=\"wp-page\" data-elementor-id=\"2665\" class=\"elementor elementor-2665\">\n\t\t\t\t\t\t<section class=\"elementor-section elementor-top-section elementor-element elementor-element-e7af06b elementor-section-boxed elementor-section-height-default elementor-section-height-default\" data-id=\"e7af06b\" data-element_type=\"section\" data-e-type=\"section\">\n\t\t\t\t\t\t<div class=\"elementor-container elementor-column-gap-default\">\n\t\t\t\t\t<div class=\"elementor-column elementor-col-100 elementor-top-column elementor-element elementor-element-0b4e4dd\" data-id=\"0b4e4dd\" data-element_type=\"column\" data-e-type=\"column\">\n\t\t\t<div class=\"elementor-widget-wrap elementor-element-populated\">\n\t\t\t\t\t\t<div class=\"elementor-element elementor-element-5c7abaa elementor-widget elementor-widget-text-editor\" data-id=\"5c7abaa\" data-element_type=\"widget\" data-e-type=\"widget\" data-widget_type=\"text-editor.default\">\n\t\t\t\t<div class=\"elementor-widget-container\">\n\t\t\t\t\t\t\t\t\t<h4><strong>Fees for individual coaching sessions<\/strong><\/h4><p>I believe that everyone can benefit from coaching. But not every person has the same prerequisites.<\/p><p>In order to be able to provide high-quality coaching via social compensation, the prices for coaching are therefore divided into the following categories:<\/p><p><strong>Standard fee<\/strong><\/p><p>Private individuals\/ self-payers<\/p><p><strong>120\u20ac\/50 Min. <\/strong>(inkl. USt.)<\/p><p><strong>\u00a0<\/strong><\/p><p><strong>Tariff for occupational coaching and patrons<\/strong><\/p><p>People who receive coaching in a professional context and are financially supported by their employer, and people who wish to support the social equalisation model by adding a self-chosen amount to the standard rate.<\/p><p><strong>upon request\/ by arrangement<\/strong><\/p><p><strong>\u00a0<\/strong><\/p><p><strong>Social fee<\/strong><\/p><p>Private individuals with below average income<\/p><p><strong>100\u20ac\/ 50 Min. <\/strong>(inkl. USt.)<\/p><p><strong>\u00a0<\/strong><\/p>\t\t\t\t\t\t\t\t<\/div>\n\t\t\t\t<\/div>\n\t\t\t\t\t<\/div>\n\t\t<\/div>\n\t\t\t\t\t<\/div>\n\t\t<\/section>\n\t\t\t\t<section class=\"elementor-section elementor-top-section elementor-element elementor-element-a8e87c1 elementor-section-boxed elementor-section-height-default elementor-section-height-default\" data-id=\"a8e87c1\" data-element_type=\"section\" data-e-type=\"section\">\n\t\t\t\t\t\t<div class=\"elementor-container elementor-column-gap-default\">\n\t\t\t\t\t<div class=\"elementor-column elementor-col-100 elementor-top-column elementor-element elementor-element-565184f\" data-id=\"565184f\" data-element_type=\"column\" data-e-type=\"column\">\n\t\t\t<div class=\"elementor-widget-wrap elementor-element-populated\">\n\t\t\t\t\t\t<div class=\"elementor-element elementor-element-d4711d7 elementor-widget elementor-widget-text-editor\" data-id=\"d4711d7\" data-element_type=\"widget\" data-e-type=\"widget\" data-widget_type=\"text-editor.default\">\n\t\t\t\t<div class=\"elementor-widget-container\">\n\t\t\t\t\t\t\t\t\t<h4>Fees foor couples\/ multi-person coaching<\/h4><h5>e.g. romantic partners, co-parents, friends, or family members<\/h5><h5>\u00a0<\/h5><h5>Standard fee<\/h5><p>Private individuals\/ self-payers<\/p><p><strong>320\u20ac\/ 90 Min. <\/strong>(inkl. USt.)<\/p><h5>\u00a0<\/h5><h5>\u00a0<\/h5><h5>Fee for professional relationships or patrons<\/h5><p>People who receive coaching together in a professional context and are financially supported by their employer and people who wish to support the social equalisation model by adding a self-chosen amount to the standard rate.<\/p><p><strong>upon request\/ by arrangement<\/strong><\/p><h5>\u00a0<\/h5><h5>\u00a0<\/h5><h5>Social fee<\/h5><p>Personen mit unterdurchschnittlichem Einkommen<\/p><p><strong>\u00a0180\u20ac\/ 90 Min. <\/strong>(inkl. USt.)<\/p><h6>\u00a0<\/h6><p class=\"translation-block\">Bundle fees on request<\/p><p><strong><em>Transparency &amp; fairness<\/em><\/strong><\/p><p><em> Any additional time beyond the booked hours will be charged by the minute according to the respective fee.<\/em><\/p>\t\t\t\t\t\t\t\t<\/div>\n\t\t\t\t<\/div>\n\t\t\t\t\t<\/div>\n\t\t<\/div>\n\t\t\t\t\t<\/div>\n\t\t<\/section>\n\t\t\t\t<section class=\"elementor-section elementor-top-section elementor-element elementor-element-fefdac2 elementor-section-boxed elementor-section-height-default elementor-section-height-default\" data-id=\"fefdac2\" data-element_type=\"section\" data-e-type=\"section\">\n\t\t\t\t\t\t<div class=\"elementor-container elementor-column-gap-default\">\n\t\t\t\t\t<div class=\"elementor-column elementor-col-100 elementor-top-column elementor-element elementor-element-6ea9d36\" data-id=\"6ea9d36\" data-element_type=\"column\" data-e-type=\"column\">\n\t\t\t<div class=\"elementor-widget-wrap\">\n\t\t\t\t\t\t\t<\/div>\n\t\t<\/div>\n\t\t\t\t\t<\/div>\n\t\t<\/section>\n\t\t\t\t<\/div>","protected":false},"excerpt":{"rendered":"<p>Tarife f\u00fcr Einzelcoachings Ich glaube daran, dass jeder Mensch von einem Coaching profitieren kann. Nicht jede Person hat jedoch dieselben Voraussetzungen. Um \u00fcber einen sozialen Ausgleich ein qualitativ hochwertiges Coaching zur Verf\u00fcgung stellen zu k\u00f6nnen, gliedern sich die Preise f\u00fcr ein Coaching daher in die folgenden Kategorien: Normaltarif Privatpersonen\/ Selbstzahler:innen 120\u20ac\/50 Min. (inkl. USt.) \u00a0 &hellip; <\/p>","protected":false},"author":1,"featured_media":0,"parent":0,"menu_order":0,"comment_status":"closed","ping_status":"closed","template":"elementor_theme","meta":{"_seopress_robots_primary_cat":"","_seopress_titles_title":"Soziale Preisstaffelung f\u00fcr Coachingformate","_seopress_titles_desc":"Ich glaube daran, dass jeder Mensch von einem Coaching profitiert. Nicht jede Person hat jedoch dieselben Voraussetzungen. Um \u00fcber einen sozialen Ausgleich ein qualitativ hochwertiges Coaching zur Verf\u00fcgung stellen zu k\u00f6nnen, gliedern sich die Preise f\u00fcr ein Coaching in einkommensabh\u00e4ngige Kategorien.","_seopress_robots_index":"","footnotes":""},"class_list":["post-2665","page","type-page","status-publish","hentry"],"_links":{"self":[{"href":"https:\/\/grossesgestalten.de\/en\/wp-json\/wp\/v2\/pages\/2665","targetHints":{"allow":["GET"]}}],"collection":[{"href":"https:\/\/grossesgestalten.de\/en\/wp-json\/wp\/v2\/pages"}],"about":[{"href":"https:\/\/grossesgestalten.de\/en\/wp-json\/wp\/v2\/types\/page"}],"author":[{"embeddable":true,"href":"https:\/\/grossesgestalten.de\/en\/wp-json\/wp\/v2\/users\/1"}],"replies":[{"embeddable":true,"href":"https:\/\/grossesgestalten.de\/en\/wp-json\/wp\/v2\/comments?post=2665"}],"version-history":[{"count":43,"href":"https:\/\/grossesgestalten.de\/en\/wp-json\/wp\/v2\/pages\/2665\/revisions"}],"predecessor-version":[{"id":2965,"href":"https:\/\/grossesgestalten.de\/en\/wp-json\/wp\/v2\/pages\/2665\/revisions\/2965"}],"wp:attachment":[{"href":"https:\/\/grossesgestalten.de\/en\/wp-json\/wp\/v2\/media?parent=2665"}],"curies":[{"name":"wp","href":"https:\/\/api.w.org\/{rel}","templated":true}]}}