{"id":2311,"date":"2024-05-22T14:53:02","date_gmt":"2024-05-22T12:53:02","guid":{"rendered":"https:\/\/grossesgestalten.de\/?page_id=2311"},"modified":"2026-04-01T16:19:25","modified_gmt":"2026-04-01T14:19:25","slug":"paarcoaching","status":"publish","type":"page","link":"https:\/\/grossesgestalten.de\/en\/gestaltungsraum\/coaching\/paarcoaching\/","title":{"rendered":"Couple Coaching"},"content":{"rendered":"<div data-elementor-type=\"wp-page\" data-elementor-id=\"2311\" class=\"elementor elementor-2311\">\n\t\t\t\t\t\t<section class=\"elementor-section elementor-top-section elementor-element elementor-element-ae936da elementor-section-boxed elementor-section-height-default elementor-section-height-default\" data-id=\"ae936da\" data-element_type=\"section\" data-e-type=\"section\">\n\t\t\t\t\t\t<div class=\"elementor-container elementor-column-gap-default\">\n\t\t\t\t\t<div class=\"elementor-column elementor-col-100 elementor-top-column elementor-element elementor-element-066339d\" data-id=\"066339d\" data-element_type=\"column\" data-e-type=\"column\">\n\t\t\t<div class=\"elementor-widget-wrap elementor-element-populated\">\n\t\t\t\t\t\t<div class=\"elementor-element elementor-element-3cdce48 elementor-widget elementor-widget-text-editor\" data-id=\"3cdce48\" data-element_type=\"widget\" data-e-type=\"widget\" data-widget_type=\"text-editor.default\">\n\t\t\t\t<div class=\"elementor-widget-container\">\n\t\t\t\t\t\t\t\t\t<p>In relationships, we experience ourselves depending on the other party. This applies to friendships and working relationships as well as romantic partnerships.<\/p><p>\u00a0<\/p><p>Competing needs, habits, preconceptions, interpretations amongst other factors can lead to irritations and conflicts that may affect the relationship experience.<\/p><p>\u00a0<\/p><p>In relationship coaching, we can explore the patterns of thought, behaviour and communication that lead to disruptions and develop empathy for ourselves and the other person in order to create a constructive culture of conversation and a respectful and loving encounter at eye level.<\/p>\t\t\t\t\t\t\t\t<\/div>\n\t\t\t\t<\/div>\n\t\t\t\t\t<\/div>\n\t\t<\/div>\n\t\t\t\t\t<\/div>\n\t\t<\/section>\n\t\t\t\t<section class=\"elementor-section elementor-top-section elementor-element elementor-element-a7b50c5 elementor-section-boxed elementor-section-height-default elementor-section-height-default\" data-id=\"a7b50c5\" data-element_type=\"section\" data-e-type=\"section\">\n\t\t\t\t\t\t<div class=\"elementor-container elementor-column-gap-default\">\n\t\t\t\t\t<div class=\"elementor-column elementor-col-100 elementor-top-column elementor-element elementor-element-1802132\" data-id=\"1802132\" data-element_type=\"column\" data-e-type=\"column\">\n\t\t\t<div class=\"elementor-widget-wrap elementor-element-populated\">\n\t\t\t\t\t\t<div class=\"elementor-element elementor-element-4e98f04 elementor-widget elementor-widget-button\" data-id=\"4e98f04\" data-element_type=\"widget\" data-e-type=\"widget\" data-widget_type=\"button.default\">\n\t\t\t\t<div class=\"elementor-widget-container\">\n\t\t\t\t\t\t\t\t\t<div class=\"elementor-button-wrapper\">\n\t\t\t\t\t<a class=\"elementor-button elementor-button-link elementor-size-sm\" href=\"https:\/\/grossesgestalten.de\/en\/gestaltungsraum\/coaching\/\" target=\"_blank\">\n\t\t\t\t\t\t<span class=\"elementor-button-content-wrapper\">\n\t\t\t\t\t\t\t\t\t<span class=\"elementor-button-text\">more about process-oriented coaching<\/span>\n\t\t\t\t\t<\/span>\n\t\t\t\t\t<\/a>\n\t\t\t\t<\/div>\n\t\t\t\t\t\t\t\t<\/div>\n\t\t\t\t<\/div>\n\t\t\t\t\t<\/div>\n\t\t<\/div>\n\t\t\t\t\t<\/div>\n\t\t<\/section>\n\t\t\t\t<section class=\"elementor-section elementor-top-section elementor-element elementor-element-690a773 elementor-section-boxed elementor-section-height-default elementor-section-height-default\" data-id=\"690a773\" data-element_type=\"section\" data-e-type=\"section\">\n\t\t\t\t\t\t<div class=\"elementor-container elementor-column-gap-default\">\n\t\t\t\t\t<div class=\"elementor-column elementor-col-100 elementor-top-column elementor-element elementor-element-0690cec\" data-id=\"0690cec\" data-element_type=\"column\" data-e-type=\"column\">\n\t\t\t<div class=\"elementor-widget-wrap elementor-element-populated\">\n\t\t\t\t\t\t<div class=\"elementor-element elementor-element-cd2b652 elementor-widget elementor-widget-text-editor\" data-id=\"cd2b652\" data-element_type=\"widget\" data-e-type=\"widget\" data-widget_type=\"text-editor.default\">\n\t\t\t\t<div class=\"elementor-widget-container\">\n\t\t\t\t\t\t\t\t\t<h4>The focus of my work is on consciously shaping relationships, transparency and mutual respect.<\/h4><p><strong>Indications for relationship coaching can be, for example, the following topics or wishes<\/strong>:<\/p><ul><li>Establishing a non-violent and respectful communication culture in relationships<\/li><li>Detecting interpretations about our partner, re-experiencing curiosity about the other person and experiencing each other anew<\/li><li>Putting an end to (over)adaptation: discovering your authentic self and consciously introducing it into relationships<\/li><li>Individuation: courageously and respectfully standing up for your own needs, positions and boundaries in relationships<\/li><li>Shaping relationships constructively: Dealing with conflicts in family, friendships, professional or romantic relationships<\/li><li>ENM (ethical non-monogamy) -  conscious negotiation and development of alternative partnership and relationship models in mutual respect<\/li><li>Moving from over-caring for the other person to more self-care<\/li><li>breaking patterns: opening up room for development in perceived dead ends<\/li><li>Preventing\/tackling relationship burnout and fatigue<\/li><li>Embracing the power of one's own history: finding constructive ways of dealing with formative relationship dynamics from childhood, youth or the recent past<\/li><li>Bringing mindfulness into the relationship: Exploring patterns of thought, behaviour and communication, looking at them empathically and changing them constructively<\/li><li>Re-exploring parenting issues in a playful way and finding the right individual style for all-round responsible parenting<\/li><li>Finding support for constructive separation processes<\/li><\/ul>\t\t\t\t\t\t\t\t<\/div>\n\t\t\t\t<\/div>\n\t\t\t\t\t<\/div>\n\t\t<\/div>\n\t\t\t\t\t<\/div>\n\t\t<\/section>\n\t\t\t\t<section class=\"elementor-section elementor-top-section elementor-element elementor-element-6d33011 elementor-section-boxed elementor-section-height-default elementor-section-height-default\" data-id=\"6d33011\" data-element_type=\"section\" data-e-type=\"section\">\n\t\t\t\t\t\t<div class=\"elementor-container elementor-column-gap-default\">\n\t\t\t\t\t<div class=\"elementor-column elementor-col-100 elementor-top-column elementor-element elementor-element-f2d458a\" data-id=\"f2d458a\" data-element_type=\"column\" data-e-type=\"column\">\n\t\t\t<div class=\"elementor-widget-wrap elementor-element-populated\">\n\t\t\t\t\t\t<div class=\"elementor-element elementor-element-b8c8e98 elementor-widget elementor-widget-image\" data-id=\"b8c8e98\" data-element_type=\"widget\" data-e-type=\"widget\" data-widget_type=\"image.default\">\n\t\t\t\t<div class=\"elementor-widget-container\">\n\t\t\t\t\t\t\t\t\t\t\t\t<figure class=\"wp-caption\">\n\t\t\t\t\t\t\t\t\t\t\t<a href=\"https:\/\/grossesgestalten.de\/en\/kontakt\/\">\n\t\t\t\t\t\t\t<img decoding=\"async\" width=\"150\" height=\"150\" src=\"https:\/\/grossesgestalten.de\/wp-content\/uploads\/2022\/10\/Kontakt1-150x150.png\" class=\"attachment-thumbnail size-thumbnail wp-image-1389\" alt=\"\" srcset=\"https:\/\/grossesgestalten.de\/wp-content\/uploads\/2022\/10\/Kontakt1-150x150.png 150w, https:\/\/grossesgestalten.de\/wp-content\/uploads\/2022\/10\/Kontakt1-12x12.png 12w, https:\/\/grossesgestalten.de\/wp-content\/uploads\/2022\/10\/Kontakt1-59x60.png 59w\" sizes=\"(max-width: 150px) 100vw, 150px\" \/>\t\t\t\t\t\t\t\t<\/a>\n\t\t\t\t\t\t\t\t\t\t\t<figcaption class=\"widget-image-caption wp-caption-text\">Let's go!<\/figcaption>\n\t\t\t\t\t\t\t\t\t\t<\/figure>\n\t\t\t\t\t\t\t\t\t<\/div>\n\t\t\t\t<\/div>\n\t\t\t\t\t<\/div>\n\t\t<\/div>\n\t\t\t\t\t<\/div>\n\t\t<\/section>\n\t\t\t\t<\/div>","protected":false},"excerpt":{"rendered":"<p>In Beziehungen erleben wir uns abh\u00e4ngig von unserem Gegen\u00fcber. Das gilt f\u00fcr freundschaftliche und Arbeitsbeziehungen ebenso wie f\u00fcr romantische Konstellationen. \u00a0 Durch konkurrierende Bed\u00fcrfnisse, Gewohnheiten sowie Vorannahmen, Interpretationen u.v.m. k\u00f6nnen Irritationen und Konflikte entstehen, die das Beziehungserleben tr\u00fcben. \u00a0 In einem Beziehungscoaching k\u00f6nnen wir gemeinsam ergr\u00fcnden, welche Denk-, Verhaltens- und Kommunikationsmuster zu derlei St\u00f6rungen f\u00fchren &hellip; <\/p>","protected":false},"author":1,"featured_media":0,"parent":68,"menu_order":0,"comment_status":"closed","ping_status":"closed","template":"elementor_theme","meta":{"_seopress_robots_primary_cat":"","_seopress_titles_title":"Prozessorientiertes Paarcoaching","_seopress_titles_desc":"In Beziehungen erleben wir uns abh\u00e4ngig von unserem Gegen\u00fcber. Das gilt f\u00fcr freundschaftliche und Arbeitsbeziehungen ebenso wie f\u00fcr romantische Konstellationen. Durch konkurrierende Bed\u00fcrfnisse, Gewohnheiten sowie Vorannahmen, Interpretationen u.v.m. k\u00f6nnen Irritationen und Konflikte entstehen, die das Beziehungserleben tr\u00fcben. Gemeinsam k\u00f6nnen wir ergr\u00fcnden, welche Denk-, Verahltens- und Kommunikationsmuster zu derlei St\u00f6rungen f\u00fchren und Empathie f\u00fcr uns und das Gegen\u00fcber entwickeln, um eine konstrukive Gespr\u00e4chskultur und eine respekt- und ggf. liebevolle Begegnung auf Augenh\u00f6he zu gestalten.","_seopress_robots_index":"","footnotes":""},"class_list":["post-2311","page","type-page","status-publish","hentry"],"_links":{"self":[{"href":"https:\/\/grossesgestalten.de\/en\/wp-json\/wp\/v2\/pages\/2311","targetHints":{"allow":["GET"]}}],"collection":[{"href":"https:\/\/grossesgestalten.de\/en\/wp-json\/wp\/v2\/pages"}],"about":[{"href":"https:\/\/grossesgestalten.de\/en\/wp-json\/wp\/v2\/types\/page"}],"author":[{"embeddable":true,"href":"https:\/\/grossesgestalten.de\/en\/wp-json\/wp\/v2\/users\/1"}],"replies":[{"embeddable":true,"href":"https:\/\/grossesgestalten.de\/en\/wp-json\/wp\/v2\/comments?post=2311"}],"version-history":[{"count":96,"href":"https:\/\/grossesgestalten.de\/en\/wp-json\/wp\/v2\/pages\/2311\/revisions"}],"predecessor-version":[{"id":2947,"href":"https:\/\/grossesgestalten.de\/en\/wp-json\/wp\/v2\/pages\/2311\/revisions\/2947"}],"up":[{"embeddable":true,"href":"https:\/\/grossesgestalten.de\/en\/wp-json\/wp\/v2\/pages\/68"}],"wp:attachment":[{"href":"https:\/\/grossesgestalten.de\/en\/wp-json\/wp\/v2\/media?parent=2311"}],"curies":[{"name":"wp","href":"https:\/\/api.w.org\/{rel}","templated":true}]}}