{"id":1375,"date":"2022-10-13T13:31:31","date_gmt":"2022-10-13T11:31:31","guid":{"rendered":"https:\/\/grossesgestalten.de\/?page_id=1375"},"modified":"2026-04-01T16:18:47","modified_gmt":"2026-04-01T14:18:47","slug":"life-coaching","status":"publish","type":"page","link":"https:\/\/grossesgestalten.de\/en\/life-coaching\/","title":{"rendered":"Life Coaching"},"content":{"rendered":"<div data-elementor-type=\"wp-page\" data-elementor-id=\"1375\" class=\"elementor elementor-1375\">\n\t\t\t\t\t\t<section class=\"elementor-section elementor-top-section elementor-element elementor-element-b6a87a5 elementor-section-boxed elementor-section-height-default elementor-section-height-default\" data-id=\"b6a87a5\" data-element_type=\"section\" data-e-type=\"section\">\n\t\t\t\t\t\t<div class=\"elementor-container elementor-column-gap-default\">\n\t\t\t\t\t<div class=\"elementor-column elementor-col-100 elementor-top-column elementor-element elementor-element-348472b\" data-id=\"348472b\" data-element_type=\"column\" data-e-type=\"column\">\n\t\t\t<div class=\"elementor-widget-wrap elementor-element-populated\">\n\t\t\t\t\t\t<div class=\"elementor-element elementor-element-36ef085 elementor-widget elementor-widget-image\" data-id=\"36ef085\" data-element_type=\"widget\" data-e-type=\"widget\" data-widget_type=\"image.default\">\n\t\t\t\t<div class=\"elementor-widget-container\">\n\t\t\t\t\t\t\t\t\t\t\t\t\t\t\t<img fetchpriority=\"high\" decoding=\"async\" width=\"1024\" height=\"307\" src=\"https:\/\/grossesgestalten.de\/wp-content\/uploads\/2022\/06\/your-gilft-to-yourself.png\" class=\"attachment-large size-large wp-image-1264\" alt=\"\" srcset=\"https:\/\/grossesgestalten.de\/wp-content\/uploads\/2022\/06\/your-gilft-to-yourself.png 1073w, https:\/\/grossesgestalten.de\/wp-content\/uploads\/2022\/06\/your-gilft-to-yourself-300x80.png 300w, https:\/\/grossesgestalten.de\/wp-content\/uploads\/2022\/06\/your-gilft-to-yourself-1024x274.png 1024w, https:\/\/grossesgestalten.de\/wp-content\/uploads\/2022\/06\/your-gilft-to-yourself-768x205.png 768w, https:\/\/grossesgestalten.de\/wp-content\/uploads\/2022\/06\/your-gilft-to-yourself-18x5.png 18w, https:\/\/grossesgestalten.de\/wp-content\/uploads\/2022\/06\/your-gilft-to-yourself-224x60.png 224w\" sizes=\"(max-width: 1024px) 100vw, 1024px\" \/>\t\t\t\t\t\t\t\t\t\t\t\t\t\t\t<\/div>\n\t\t\t\t<\/div>\n\t\t\t\t\t<\/div>\n\t\t<\/div>\n\t\t\t\t\t<\/div>\n\t\t<\/section>\n\t\t\t\t<section class=\"elementor-section elementor-top-section elementor-element elementor-element-dbc5c12 elementor-section-boxed elementor-section-height-default elementor-section-height-default\" data-id=\"dbc5c12\" data-element_type=\"section\" data-e-type=\"section\">\n\t\t\t\t\t\t<div class=\"elementor-container elementor-column-gap-default\">\n\t\t\t\t\t<div class=\"elementor-column elementor-col-50 elementor-top-column elementor-element elementor-element-e13714e\" data-id=\"e13714e\" data-element_type=\"column\" data-e-type=\"column\">\n\t\t\t<div class=\"elementor-widget-wrap elementor-element-populated\">\n\t\t\t\t\t\t<div class=\"elementor-element elementor-element-d2c0191 elementor-widget elementor-widget-image\" data-id=\"d2c0191\" data-element_type=\"widget\" data-e-type=\"widget\" data-widget_type=\"image.default\">\n\t\t\t\t<div class=\"elementor-widget-container\">\n\t\t\t\t\t\t\t\t\t\t\t\t\t\t\t<img decoding=\"async\" width=\"500\" height=\"500\" src=\"https:\/\/grossesgestalten.de\/wp-content\/uploads\/2022\/10\/Sprechblasen.png\" class=\"attachment-large size-large wp-image-1381\" alt=\"\" srcset=\"https:\/\/grossesgestalten.de\/wp-content\/uploads\/2022\/10\/Sprechblasen.png 500w, https:\/\/grossesgestalten.de\/wp-content\/uploads\/2022\/10\/Sprechblasen-300x300.png 300w, https:\/\/grossesgestalten.de\/wp-content\/uploads\/2022\/10\/Sprechblasen-150x150.png 150w, https:\/\/grossesgestalten.de\/wp-content\/uploads\/2022\/10\/Sprechblasen-12x12.png 12w, https:\/\/grossesgestalten.de\/wp-content\/uploads\/2022\/10\/Sprechblasen-60x60.png 60w\" sizes=\"(max-width: 500px) 100vw, 500px\" \/>\t\t\t\t\t\t\t\t\t\t\t\t\t\t\t<\/div>\n\t\t\t\t<\/div>\n\t\t\t\t\t<\/div>\n\t\t<\/div>\n\t\t\t\t<div class=\"elementor-column elementor-col-50 elementor-top-column elementor-element elementor-element-0db0c53\" data-id=\"0db0c53\" data-element_type=\"column\" data-e-type=\"column\">\n\t\t\t<div class=\"elementor-widget-wrap elementor-element-populated\">\n\t\t\t\t\t\t<div class=\"elementor-element elementor-element-dbe05fc elementor-widget elementor-widget-text-editor\" data-id=\"dbe05fc\" data-element_type=\"widget\" data-e-type=\"widget\" data-widget_type=\"text-editor.default\">\n\t\t\t\t<div class=\"elementor-widget-container\">\n\t\t\t\t\t\t\t\t\t<p style=\"text-align: left;\">Coaching is for you when you face limitations in your life that you'd like to overcome. This might become apparent by recurring conflicts, blockades, unfulfilled desires or difficulties in making decisions.<\/p><p>\u00a0<\/p><p style=\"text-align: left;\" class=\"translation-block\">Together we create <b>a space where you can safely explore your inner life and the hidden potentials within.<\/b><\/p>\t\t\t\t\t\t\t\t<\/div>\n\t\t\t\t<\/div>\n\t\t\t\t\t<\/div>\n\t\t<\/div>\n\t\t\t\t\t<\/div>\n\t\t<\/section>\n\t\t\t\t<section class=\"elementor-section elementor-top-section elementor-element elementor-element-c235eda elementor-section-boxed elementor-section-height-default elementor-section-height-default\" data-id=\"c235eda\" data-element_type=\"section\" data-e-type=\"section\">\n\t\t\t\t\t\t<div class=\"elementor-container elementor-column-gap-default\">\n\t\t\t\t\t<div class=\"elementor-column elementor-col-100 elementor-top-column elementor-element elementor-element-fad77d6\" data-id=\"fad77d6\" data-element_type=\"column\" data-e-type=\"column\">\n\t\t\t<div class=\"elementor-widget-wrap elementor-element-populated\">\n\t\t\t\t\t\t<div class=\"elementor-element elementor-element-c92b2ec elementor-widget elementor-widget-button\" data-id=\"c92b2ec\" data-element_type=\"widget\" data-e-type=\"widget\" data-widget_type=\"button.default\">\n\t\t\t\t<div class=\"elementor-widget-container\">\n\t\t\t\t\t\t\t\t\t<div class=\"elementor-button-wrapper\">\n\t\t\t\t\t<a class=\"elementor-button elementor-button-link elementor-size-sm\" href=\"https:\/\/grossesgestalten.de\/en\/gestaltungsraum\/coaching\/\">\n\t\t\t\t\t\t<span class=\"elementor-button-content-wrapper\">\n\t\t\t\t\t\t\t\t\t<span class=\"elementor-button-text\">more on process-oriented coaching<\/span>\n\t\t\t\t\t<\/span>\n\t\t\t\t\t<\/a>\n\t\t\t\t<\/div>\n\t\t\t\t\t\t\t\t<\/div>\n\t\t\t\t<\/div>\n\t\t\t\t\t<\/div>\n\t\t<\/div>\n\t\t\t\t\t<\/div>\n\t\t<\/section>\n\t\t\t\t<section class=\"elementor-section elementor-top-section elementor-element elementor-element-34de889 elementor-section-boxed elementor-section-height-default elementor-section-height-default\" data-id=\"34de889\" data-element_type=\"section\" data-e-type=\"section\">\n\t\t\t\t\t\t<div class=\"elementor-container elementor-column-gap-default\">\n\t\t\t\t\t<div class=\"elementor-column elementor-col-100 elementor-top-column elementor-element elementor-element-53addc3\" data-id=\"53addc3\" data-element_type=\"column\" data-e-type=\"column\">\n\t\t\t<div class=\"elementor-widget-wrap elementor-element-populated\">\n\t\t\t\t\t\t<div class=\"elementor-element elementor-element-9763325 elementor-widget elementor-widget-text-editor\" data-id=\"9763325\" data-element_type=\"widget\" data-e-type=\"widget\" data-widget_type=\"text-editor.default\">\n\t\t\t\t<div class=\"elementor-widget-container\">\n\t\t\t\t\t\t\t\t\t<h4>My work focuses on the conscious life and relationship development.<\/h4><p style=\"text-align: left;\"><strong>On a surface level, these processes can manifest in the form of the following issues or wishes:<\/strong>:<\/p><p>\u00a0<\/p><ul style=\"text-align: left;\"><li style=\"list-style-type: none;\"><ul><li>An end to people pleasing: Discover and unfold your authentic self<\/li><li>Individuation: enhance your own profile &amp; develop your potential; stand up for your own needs and boundaries<\/li><li>developing relationships: enabling meaningful connections &amp; dealing with conflicts in family, professional or private relationships<\/li><li>conscious creation of alternative partnership and relationship models<\/li><li>on the trail of your inner critic: developing self-love &amp; self-care<\/li><li>escaping the one-way street: opening up room for development in different areas of life &amp; perceived dead ends<\/li><li>vocational orientation &amp; career and job coaching<\/li><li>application training &amp; thesis support<\/li><li>inner Drivers and imposter syndrome: preventing\/ counteracting burnout and states of exhaustion<\/li><li>Embracing the power of one's own history: finding a constructive way of dealing with influential experiences from childhood, adolescence or the recent past<\/li><\/ul><\/li><\/ul><p style=\"text-align: left;\">\u00a0<\/p>\t\t\t\t\t\t\t\t<\/div>\n\t\t\t\t<\/div>\n\t\t\t\t\t<\/div>\n\t\t<\/div>\n\t\t\t\t\t<\/div>\n\t\t<\/section>\n\t\t\t\t<section class=\"elementor-section elementor-top-section elementor-element elementor-element-2daccd9 elementor-section-boxed elementor-section-height-default elementor-section-height-default\" data-id=\"2daccd9\" data-element_type=\"section\" data-e-type=\"section\">\n\t\t\t\t\t\t<div class=\"elementor-container elementor-column-gap-default\">\n\t\t\t\t\t<div class=\"elementor-column elementor-col-100 elementor-top-column elementor-element elementor-element-0cf5084\" data-id=\"0cf5084\" data-element_type=\"column\" data-e-type=\"column\">\n\t\t\t<div class=\"elementor-widget-wrap elementor-element-populated\">\n\t\t\t\t\t\t<div class=\"elementor-element elementor-element-f4afff3 elementor-widget elementor-widget-image\" data-id=\"f4afff3\" data-element_type=\"widget\" data-e-type=\"widget\" data-widget_type=\"image.default\">\n\t\t\t\t<div class=\"elementor-widget-container\">\n\t\t\t\t\t\t\t\t\t\t\t\t\t\t\t\t<a href=\"https:\/\/grossesgestalten.de\/en\/gestaltungsraum\/coaching\/rezensionen\/\">\n\t\t\t\t\t\t\t<img decoding=\"async\" width=\"300\" height=\"277\" src=\"https:\/\/grossesgestalten.de\/wp-content\/uploads\/2024\/09\/Feedback-3.png\" class=\"attachment-medium size-medium wp-image-2488\" alt=\"\" srcset=\"https:\/\/grossesgestalten.de\/wp-content\/uploads\/2024\/09\/Feedback-3.png 1027w, https:\/\/grossesgestalten.de\/wp-content\/uploads\/2024\/09\/Feedback-3-300x277.png 300w, https:\/\/grossesgestalten.de\/wp-content\/uploads\/2024\/09\/Feedback-3-1024x945.png 1024w, https:\/\/grossesgestalten.de\/wp-content\/uploads\/2024\/09\/Feedback-3-768x709.png 768w, https:\/\/grossesgestalten.de\/wp-content\/uploads\/2024\/09\/Feedback-3-13x12.png 13w, https:\/\/grossesgestalten.de\/wp-content\/uploads\/2024\/09\/Feedback-3-65x60.png 65w\" sizes=\"(max-width: 300px) 100vw, 300px\" \/>\t\t\t\t\t\t\t\t<\/a>\n\t\t\t\t\t\t\t\t\t\t\t\t\t\t\t<\/div>\n\t\t\t\t<\/div>\n\t\t\t\t\t<\/div>\n\t\t<\/div>\n\t\t\t\t\t<\/div>\n\t\t<\/section>\n\t\t\t\t<section class=\"elementor-section elementor-top-section elementor-element elementor-element-c7a8a85 elementor-section-boxed elementor-section-height-default elementor-section-height-default\" data-id=\"c7a8a85\" data-element_type=\"section\" data-e-type=\"section\">\n\t\t\t\t\t\t<div class=\"elementor-container elementor-column-gap-default\">\n\t\t\t\t\t<div class=\"elementor-column elementor-col-100 elementor-top-column elementor-element elementor-element-c453c5d\" data-id=\"c453c5d\" data-element_type=\"column\" data-e-type=\"column\">\n\t\t\t<div class=\"elementor-widget-wrap elementor-element-populated\">\n\t\t\t\t\t\t<div class=\"elementor-element elementor-element-8679975 elementor-widget elementor-widget-text-editor\" data-id=\"8679975\" data-element_type=\"widget\" data-e-type=\"widget\" data-widget_type=\"text-editor.default\">\n\t\t\t\t<div class=\"elementor-widget-container\">\n\t\t\t\t\t\t\t\t\t<h3>Coaching is not a substitute for psychotherapy<\/h3><p class=\"has-text-color\" style=\"text-align: left;\">Process-oriented coaching is not a psychotherapeutic guideline procedure in Germany and does not substitute psychological psychotherapy. To cover the waiting time for a therapy spot, however, I can accompany you by prior arrangement.\u00a0<\/p><p style=\"text-align: left;\"><em>If you have any questions or are unsure whether coaching is the right thing for you, please feel free to contact me.<\/em><\/p>\t\t\t\t\t\t\t\t<\/div>\n\t\t\t\t<\/div>\n\t\t\t\t\t<\/div>\n\t\t<\/div>\n\t\t\t\t\t<\/div>\n\t\t<\/section>\n\t\t\t\t<section class=\"elementor-section elementor-top-section elementor-element elementor-element-263c36e elementor-section-boxed elementor-section-height-default elementor-section-height-default\" data-id=\"263c36e\" data-element_type=\"section\" data-e-type=\"section\">\n\t\t\t\t\t\t<div class=\"elementor-container elementor-column-gap-default\">\n\t\t\t\t\t<div class=\"elementor-column elementor-col-100 elementor-top-column elementor-element elementor-element-50a99ea\" data-id=\"50a99ea\" data-element_type=\"column\" data-e-type=\"column\">\n\t\t\t<div class=\"elementor-widget-wrap elementor-element-populated\">\n\t\t\t\t\t\t<div class=\"elementor-element elementor-element-a02b889 elementor-widget elementor-widget-image\" data-id=\"a02b889\" data-element_type=\"widget\" data-e-type=\"widget\" data-widget_type=\"image.default\">\n\t\t\t\t<div class=\"elementor-widget-container\">\n\t\t\t\t\t\t\t\t\t\t\t\t<figure class=\"wp-caption\">\n\t\t\t\t\t\t\t\t\t\t\t<a href=\"https:\/\/grossesgestalten.de\/en\/kontakt\/\">\n\t\t\t\t\t\t\t<img loading=\"lazy\" decoding=\"async\" width=\"150\" height=\"150\" src=\"https:\/\/grossesgestalten.de\/wp-content\/uploads\/2024\/03\/Kontakt-150x150.png\" class=\"attachment-thumbnail size-thumbnail wp-image-2153\" alt=\"\" srcset=\"https:\/\/grossesgestalten.de\/wp-content\/uploads\/2024\/03\/Kontakt-150x150.png 150w, https:\/\/grossesgestalten.de\/wp-content\/uploads\/2024\/03\/Kontakt-13x12.png 13w\" sizes=\"(max-width: 150px) 100vw, 150px\" \/>\t\t\t\t\t\t\t\t<\/a>\n\t\t\t\t\t\t\t\t\t\t\t<figcaption class=\"widget-image-caption wp-caption-text\">Let's go!<\/figcaption>\n\t\t\t\t\t\t\t\t\t\t<\/figure>\n\t\t\t\t\t\t\t\t\t<\/div>\n\t\t\t\t<\/div>\n\t\t\t\t\t<\/div>\n\t\t<\/div>\n\t\t\t\t\t<\/div>\n\t\t<\/section>\n\t\t\t\t<\/div>","protected":false},"excerpt":{"rendered":"<p>Life Coaching erm\u00f6glicht es dir, in einem vertrauensvollen Rahmen Raum f\u00fcr deine ganz pers\u00f6nlichen Themen zu haben. Ich unterst\u00fctze dich dabei, neue Perspektiven und Ans\u00e4tze zu entwickeln, sodass du dein Leben zufriedener und authentischer gestalten kannst. <\/p>","protected":false},"author":1,"featured_media":0,"parent":0,"menu_order":0,"comment_status":"closed","ping_status":"closed","template":"elementor_theme","meta":{"_seopress_robots_primary_cat":"","_seopress_titles_title":"Life Coaching","_seopress_titles_desc":"Life Coaching erm\u00f6glicht es dir, in einem vertrauensvollen Rahmen Raum f\u00fcr deine ganz pers\u00f6nlichen Themen zu haben. Ich unterst\u00fctze dich dabei, neue Perspektiven und Ans\u00e4tze zu entwickeln, sodass du dein Leben zufriedener und authentischer gestalten kannst.","_seopress_robots_index":"","footnotes":""},"class_list":["post-1375","page","type-page","status-publish","hentry"],"_links":{"self":[{"href":"https:\/\/grossesgestalten.de\/en\/wp-json\/wp\/v2\/pages\/1375","targetHints":{"allow":["GET"]}}],"collection":[{"href":"https:\/\/grossesgestalten.de\/en\/wp-json\/wp\/v2\/pages"}],"about":[{"href":"https:\/\/grossesgestalten.de\/en\/wp-json\/wp\/v2\/types\/page"}],"author":[{"embeddable":true,"href":"https:\/\/grossesgestalten.de\/en\/wp-json\/wp\/v2\/users\/1"}],"replies":[{"embeddable":true,"href":"https:\/\/grossesgestalten.de\/en\/wp-json\/wp\/v2\/comments?post=1375"}],"version-history":[{"count":143,"href":"https:\/\/grossesgestalten.de\/en\/wp-json\/wp\/v2\/pages\/1375\/revisions"}],"predecessor-version":[{"id":2950,"href":"https:\/\/grossesgestalten.de\/en\/wp-json\/wp\/v2\/pages\/1375\/revisions\/2950"}],"wp:attachment":[{"href":"https:\/\/grossesgestalten.de\/en\/wp-json\/wp\/v2\/media?parent=1375"}],"curies":[{"name":"wp","href":"https:\/\/api.w.org\/{rel}","templated":true}]}}