{"id":1365,"date":"2022-10-13T13:17:17","date_gmt":"2022-10-13T11:17:17","guid":{"rendered":"https:\/\/grossesgestalten.de\/?page_id=1365"},"modified":"2026-04-01T16:20:12","modified_gmt":"2026-04-01T14:20:12","slug":"business-coaching","status":"publish","type":"page","link":"https:\/\/grossesgestalten.de\/en\/business-coaching\/","title":{"rendered":"Business Coaching"},"content":{"rendered":"<div data-elementor-type=\"wp-page\" data-elementor-id=\"1365\" class=\"elementor elementor-1365\">\n\t\t\t\t\t\t<section class=\"elementor-section elementor-top-section elementor-element elementor-element-4bc8026 elementor-section-boxed elementor-section-height-default elementor-section-height-default\" data-id=\"4bc8026\" data-element_type=\"section\" data-e-type=\"section\">\n\t\t\t\t\t\t<div class=\"elementor-container elementor-column-gap-default\">\n\t\t\t\t\t<div class=\"elementor-column elementor-col-100 elementor-top-column elementor-element elementor-element-51ab57b\" data-id=\"51ab57b\" data-element_type=\"column\" data-e-type=\"column\">\n\t\t\t<div class=\"elementor-widget-wrap elementor-element-populated\">\n\t\t\t\t\t\t<div class=\"elementor-element elementor-element-02e0d6f elementor-widget elementor-widget-text-editor\" data-id=\"02e0d6f\" data-element_type=\"widget\" data-e-type=\"widget\" data-widget_type=\"text-editor.default\">\n\t\t\t\t<div class=\"elementor-widget-container\">\n\t\t\t\t\t\t\t\t\t<p style=\"text-align: left;\">In business coaching, I combine experience from process-oriented psychology with cognitive-behavioural approaches and insights from work and organisational psychology.<\/p><p>\u00a0<\/p><p style=\"text-align: left;\">Coachees thus have the opportunity to find their personal style in order to navigate through group dynamics, hierarchies and everyday professional life.<\/p><p>\u00a0<\/p><p style=\"text-align: left;\">Topics may include:<\/p><p>\u00a0<\/p><ul><li style=\"text-align: left;\">Confidently navigate through challenging team dynamics and change processes<\/li><li style=\"text-align: left;\">Consciously shape your own leadership style &amp; refine your leadership skills<\/li><li style=\"text-align: left;\">Responsibility and delegation<\/li><li style=\"text-align: left;\">Career advancement<\/li><li style=\"text-align: left;\">work life balance<\/li><li>deliberately organising remote working spaces<\/li><li style=\"text-align: left;\">Satisfaction and integrity in work life<\/li><li>Dealing with the \"impostor syndrome\"<\/li><li>Burn-out prevention<\/li><li style=\"text-align: left;\">Developing your own brand<\/li><li>Dealing with criticism and bullying<\/li><\/ul>\t\t\t\t\t\t\t\t<\/div>\n\t\t\t\t<\/div>\n\t\t\t\t\t<\/div>\n\t\t<\/div>\n\t\t\t\t\t<\/div>\n\t\t<\/section>\n\t\t\t\t<section class=\"elementor-section elementor-top-section elementor-element elementor-element-87873c0 elementor-section-boxed elementor-section-height-default elementor-section-height-default\" data-id=\"87873c0\" data-element_type=\"section\" data-e-type=\"section\">\n\t\t\t\t\t\t<div class=\"elementor-container elementor-column-gap-default\">\n\t\t\t\t\t<div class=\"elementor-column elementor-col-100 elementor-top-column elementor-element elementor-element-0bd5f20\" data-id=\"0bd5f20\" data-element_type=\"column\" data-e-type=\"column\">\n\t\t\t<div class=\"elementor-widget-wrap elementor-element-populated\">\n\t\t\t\t\t\t<div class=\"elementor-element elementor-element-3668c12 elementor-widget elementor-widget-button\" data-id=\"3668c12\" data-element_type=\"widget\" data-e-type=\"widget\" data-widget_type=\"button.default\">\n\t\t\t\t<div class=\"elementor-widget-container\">\n\t\t\t\t\t\t\t\t\t<div class=\"elementor-button-wrapper\">\n\t\t\t\t\t<a class=\"elementor-button elementor-button-link elementor-size-lg\" href=\"https:\/\/grossesgestalten.de\/en\/gestaltungsraum\/coaching\/\">\n\t\t\t\t\t\t<span class=\"elementor-button-content-wrapper\">\n\t\t\t\t\t\t\t\t\t<span class=\"elementor-button-text\">more on process-oriented coaching<\/span>\n\t\t\t\t\t<\/span>\n\t\t\t\t\t<\/a>\n\t\t\t\t<\/div>\n\t\t\t\t\t\t\t\t<\/div>\n\t\t\t\t<\/div>\n\t\t\t\t\t<\/div>\n\t\t<\/div>\n\t\t\t\t\t<\/div>\n\t\t<\/section>\n\t\t\t\t<section class=\"elementor-section elementor-top-section elementor-element elementor-element-66cb02d elementor-section-boxed elementor-section-height-default elementor-section-height-default\" data-id=\"66cb02d\" data-element_type=\"section\" data-e-type=\"section\">\n\t\t\t\t\t\t<div class=\"elementor-container elementor-column-gap-default\">\n\t\t\t\t\t<div class=\"elementor-column elementor-col-100 elementor-top-column elementor-element elementor-element-9c91d75\" data-id=\"9c91d75\" data-element_type=\"column\" data-e-type=\"column\">\n\t\t\t<div class=\"elementor-widget-wrap elementor-element-populated\">\n\t\t\t\t\t\t<div class=\"elementor-element elementor-element-cdb3c2d elementor-widget elementor-widget-text-editor\" data-id=\"cdb3c2d\" data-element_type=\"widget\" data-e-type=\"widget\" data-widget_type=\"text-editor.default\">\n\t\t\t\t<div class=\"elementor-widget-container\">\n\t\t\t\t\t\t\t\t\t<p>Rates on request\/ by prior arrangement<br><\/p>\t\t\t\t\t\t\t\t<\/div>\n\t\t\t\t<\/div>\n\t\t\t\t\t<\/div>\n\t\t<\/div>\n\t\t\t\t\t<\/div>\n\t\t<\/section>\n\t\t\t\t<section class=\"elementor-section elementor-top-section elementor-element elementor-element-ab1ae16 elementor-section-boxed elementor-section-height-default elementor-section-height-default\" data-id=\"ab1ae16\" data-element_type=\"section\" data-e-type=\"section\">\n\t\t\t\t\t\t<div class=\"elementor-container elementor-column-gap-default\">\n\t\t\t\t\t<div class=\"elementor-column elementor-col-100 elementor-top-column elementor-element elementor-element-f5b4484\" data-id=\"f5b4484\" data-element_type=\"column\" data-e-type=\"column\">\n\t\t\t<div class=\"elementor-widget-wrap elementor-element-populated\">\n\t\t\t\t\t\t<div class=\"elementor-element elementor-element-3d15f02 elementor-widget elementor-widget-image\" data-id=\"3d15f02\" data-element_type=\"widget\" data-e-type=\"widget\" data-widget_type=\"image.default\">\n\t\t\t\t<div class=\"elementor-widget-container\">\n\t\t\t\t\t\t\t\t\t\t\t\t<figure class=\"wp-caption\">\n\t\t\t\t\t\t\t\t\t\t\t<a href=\"https:\/\/grossesgestalten.de\/en\/kontakt\/\">\n\t\t\t\t\t\t\t<img decoding=\"async\" width=\"150\" height=\"150\" src=\"https:\/\/grossesgestalten.de\/wp-content\/uploads\/2024\/03\/Kontakt-150x150.png\" class=\"attachment-thumbnail size-thumbnail wp-image-2153\" alt=\"\" srcset=\"https:\/\/grossesgestalten.de\/wp-content\/uploads\/2024\/03\/Kontakt-150x150.png 150w, https:\/\/grossesgestalten.de\/wp-content\/uploads\/2024\/03\/Kontakt-13x12.png 13w\" sizes=\"(max-width: 150px) 100vw, 150px\" \/>\t\t\t\t\t\t\t\t<\/a>\n\t\t\t\t\t\t\t\t\t\t\t<figcaption class=\"widget-image-caption wp-caption-text\">contact<\/figcaption>\n\t\t\t\t\t\t\t\t\t\t<\/figure>\n\t\t\t\t\t\t\t\t\t<\/div>\n\t\t\t\t<\/div>\n\t\t\t\t\t<\/div>\n\t\t<\/div>\n\t\t\t\t\t<\/div>\n\t\t<\/section>\n\t\t\t\t<\/div>","protected":false},"excerpt":{"rendered":"<p>Im Business Coaching vereine ich die Erfahrungen aus der prozessorientierten Psychologie mit kognitiv-behavioralen Ans\u00e4tzen und Erkenntnissen aus der Arbeits- und Organisationspsychologie. \u00a0 Coachees haben so die M\u00f6glichkeit, ihren pers\u00f6nlichen Stil zu finden, um durch Gruppendynamik, Hierarchien und den professionellen Alltag zu navigieren. \u00a0 Themen k\u00f6nnen unter anderem sein: \u00a0 vertrauensvoll durch herausfordernde Team Dynamiken und &hellip; <\/p>","protected":false},"author":1,"featured_media":0,"parent":0,"menu_order":0,"comment_status":"closed","ping_status":"closed","template":"elementor_theme","meta":{"_seopress_robots_primary_cat":"","_seopress_titles_title":"Business Coaching","_seopress_titles_desc":"Im prozessorientierten Business Coaching vereinen wir die Erfahrungen aus der prozessorientierten Psychologie mit kognitiv-behavioralen Ans\u00e4tzen und Erkenntnissen aus der Arbeits- und Organisationspsychologie. Coachees haben so die M\u00f6glichkeit, ihren pers\u00f6nlichen Stil zu finden, um durch Gruppendynamik, Hierarchien und den professionellen Alltag zu navigieren.","_seopress_robots_index":"","footnotes":""},"class_list":["post-1365","page","type-page","status-publish","hentry"],"_links":{"self":[{"href":"https:\/\/grossesgestalten.de\/en\/wp-json\/wp\/v2\/pages\/1365","targetHints":{"allow":["GET"]}}],"collection":[{"href":"https:\/\/grossesgestalten.de\/en\/wp-json\/wp\/v2\/pages"}],"about":[{"href":"https:\/\/grossesgestalten.de\/en\/wp-json\/wp\/v2\/types\/page"}],"author":[{"embeddable":true,"href":"https:\/\/grossesgestalten.de\/en\/wp-json\/wp\/v2\/users\/1"}],"replies":[{"embeddable":true,"href":"https:\/\/grossesgestalten.de\/en\/wp-json\/wp\/v2\/comments?post=1365"}],"version-history":[{"count":50,"href":"https:\/\/grossesgestalten.de\/en\/wp-json\/wp\/v2\/pages\/1365\/revisions"}],"predecessor-version":[{"id":2286,"href":"https:\/\/grossesgestalten.de\/en\/wp-json\/wp\/v2\/pages\/1365\/revisions\/2286"}],"wp:attachment":[{"href":"https:\/\/grossesgestalten.de\/en\/wp-json\/wp\/v2\/media?parent=1365"}],"curies":[{"name":"wp","href":"https:\/\/api.w.org\/{rel}","templated":true}]}}