{"id":2665,"date":"2024-10-15T18:39:43","date_gmt":"2024-10-15T16:39:43","guid":{"rendered":"https:\/\/grossesgestalten.de\/?page_id=2665"},"modified":"2026-04-01T16:27:06","modified_gmt":"2026-04-01T14:27:06","slug":"tarife","status":"publish","type":"page","link":"https:\/\/grossesgestalten.de\/de\/tarife\/","title":{"rendered":"Tarife"},"content":{"rendered":"\t\t<div data-elementor-type=\"wp-page\" data-elementor-id=\"2665\" class=\"elementor elementor-2665\">\n\t\t\t\t\t\t<section class=\"elementor-section elementor-top-section elementor-element elementor-element-e7af06b elementor-section-boxed elementor-section-height-default elementor-section-height-default\" data-id=\"e7af06b\" data-element_type=\"section\" data-e-type=\"section\">\n\t\t\t\t\t\t<div class=\"elementor-container elementor-column-gap-default\">\n\t\t\t\t\t<div class=\"elementor-column elementor-col-100 elementor-top-column elementor-element elementor-element-0b4e4dd\" data-id=\"0b4e4dd\" data-element_type=\"column\" data-e-type=\"column\">\n\t\t\t<div class=\"elementor-widget-wrap elementor-element-populated\">\n\t\t\t\t\t\t<div class=\"elementor-element elementor-element-5c7abaa elementor-widget elementor-widget-text-editor\" data-id=\"5c7abaa\" data-element_type=\"widget\" data-e-type=\"widget\" data-widget_type=\"text-editor.default\">\n\t\t\t\t<div class=\"elementor-widget-container\">\n\t\t\t\t\t\t\t\t\t<h4><strong>Tarife f\u00fcr Einzelcoachings<\/strong><\/h4><p>Ich glaube daran, dass jeder Mensch von einem Coaching profitieren kann. Nicht jede Person hat jedoch dieselben Voraussetzungen.<\/p><p>Um \u00fcber einen sozialen Ausgleich ein qualitativ hochwertiges Coaching zur Verf\u00fcgung stellen zu k\u00f6nnen, gliedern sich die Preise f\u00fcr ein Coaching daher in die folgenden Kategorien:<\/p><p><strong>Normaltarif<\/strong><\/p><p>Privatpersonen\/ Selbstzahler:innen<\/p><p><strong>120\u20ac\/50 Min. <\/strong>(inkl. USt.)<\/p><p><strong>\u00a0<\/strong><\/p><p><strong>Berufliches Coaching oder G\u00f6nner:innen<\/strong><\/p><p>Personen, die sich im beruflichen Rahmen coachen lassen und darin finanziell von ihrem\/r Arbeitgeber:in unterst\u00fctzt werden und Personen, die das soziale Ausgleichsmodell unterst\u00fctzen m\u00f6chten, indem sie den Normaltarif um einen selbstgew\u00e4hlten Betrag aufstocken.<\/p><p><strong>auf Anfrage bzw. nach Absprache<\/strong><\/p><p><strong>\u00a0<\/strong><\/p><p><strong>Sozialtarif<\/strong><\/p><p>Privatpersonen mit unterdurchschnittlichem Einkommen<\/p><p><strong>100\u20ac\/ 50 Min. <\/strong>(inkl. USt.)<\/p><p><strong>\u00a0<\/strong><\/p>\t\t\t\t\t\t\t\t<\/div>\n\t\t\t\t<\/div>\n\t\t\t\t\t<\/div>\n\t\t<\/div>\n\t\t\t\t\t<\/div>\n\t\t<\/section>\n\t\t\t\t<section class=\"elementor-section elementor-top-section elementor-element elementor-element-a8e87c1 elementor-section-boxed elementor-section-height-default elementor-section-height-default\" data-id=\"a8e87c1\" data-element_type=\"section\" data-e-type=\"section\">\n\t\t\t\t\t\t<div class=\"elementor-container elementor-column-gap-default\">\n\t\t\t\t\t<div class=\"elementor-column elementor-col-100 elementor-top-column elementor-element elementor-element-565184f\" data-id=\"565184f\" data-element_type=\"column\" data-e-type=\"column\">\n\t\t\t<div class=\"elementor-widget-wrap elementor-element-populated\">\n\t\t\t\t\t\t<div class=\"elementor-element elementor-element-d4711d7 elementor-widget elementor-widget-text-editor\" data-id=\"d4711d7\" data-element_type=\"widget\" data-e-type=\"widget\" data-widget_type=\"text-editor.default\">\n\t\t\t\t<div class=\"elementor-widget-container\">\n\t\t\t\t\t\t\t\t\t<h4>Tarife f\u00fcr Mehrpersonencoachings<\/h4><h5>z.B. Paare, getrennte Eltern, Freund:innen, Familie, o.\u00e4.<\/h5><h5>\u00a0<\/h5><h5>Normaltarif<\/h5><p>Privatpersonen\/ Selbstzahler:innen<\/p><p><strong>320\u20ac\/ 90 Min. <\/strong>(inkl. USt.)<\/p><h5>\u00a0<\/h5><h5>\u00a0<\/h5><h5>Tarif f\u00fcr berufliche Beziehungen oder G\u00f6nner:innen<\/h5><p>Personen, die sich im beruflichen Rahmen gemeinsam coachen lassen und darin finanziell von ihrem\/r Arbeitgeber:in unterst\u00fctzt werden und Personen, die das soziale Ausgleichsmodell unterst\u00fctzen m\u00f6chten, indem sie den Normaltarif um einen selbstgew\u00e4hlten Betrag aufstocken.<\/p><p><strong>auf Anfrage bzw. nach Absprache<\/strong><\/p><h5>\u00a0<\/h5><h5>\u00a0<\/h5><h5>Sozialtarif<\/h5><p>Personen mit unterdurchschnittlichem Einkommen<\/p><p><strong>\u00a0180\u20ac\/ 90 Min. <\/strong>(inkl. USt.)<\/p><h6>\u00a0<\/h6><p><strong>Pa<\/strong><strong>ketpreise auf Anfrage <br \/><\/strong><\/p><p><strong><em>Transparenz &amp; Fairness<\/em><\/strong><\/p><p><em> Zus\u00e4tzlich anfallende Zeit, die \u00fcber die gebuchten Minuten hinaus geht, wird entsprechend des Tarifs minutengenau abgerechnet.<\/em><\/p>\t\t\t\t\t\t\t\t<\/div>\n\t\t\t\t<\/div>\n\t\t\t\t\t<\/div>\n\t\t<\/div>\n\t\t\t\t\t<\/div>\n\t\t<\/section>\n\t\t\t\t<section class=\"elementor-section elementor-top-section elementor-element elementor-element-fefdac2 elementor-section-boxed elementor-section-height-default elementor-section-height-default\" data-id=\"fefdac2\" data-element_type=\"section\" data-e-type=\"section\">\n\t\t\t\t\t\t<div class=\"elementor-container elementor-column-gap-default\">\n\t\t\t\t\t<div class=\"elementor-column elementor-col-100 elementor-top-column elementor-element elementor-element-6ea9d36\" data-id=\"6ea9d36\" data-element_type=\"column\" data-e-type=\"column\">\n\t\t\t<div class=\"elementor-widget-wrap\">\n\t\t\t\t\t\t\t<\/div>\n\t\t<\/div>\n\t\t\t\t\t<\/div>\n\t\t<\/section>\n\t\t\t\t<\/div>\n\t\t","protected":false},"excerpt":{"rendered":"<p>Tarife f\u00fcr Einzelcoachings Ich glaube daran, dass jeder Mensch von einem Coaching profitieren kann. Nicht jede Person hat jedoch dieselben Voraussetzungen. Um \u00fcber einen sozialen Ausgleich ein qualitativ hochwertiges Coaching zur Verf\u00fcgung stellen zu k\u00f6nnen, gliedern sich die Preise f\u00fcr ein Coaching daher in die folgenden Kategorien: Normaltarif Privatpersonen\/ Selbstzahler:innen 120\u20ac\/50 Min. (inkl. USt.) \u00a0 &hellip; <\/p>\n","protected":false},"author":1,"featured_media":0,"parent":0,"menu_order":0,"comment_status":"closed","ping_status":"closed","template":"elementor_theme","meta":{"_seopress_robots_primary_cat":"","_seopress_titles_title":"Soziale Preisstaffelung f\u00fcr Coachingformate","_seopress_titles_desc":"Ich glaube daran, dass jeder Mensch von einem Coaching profitiert. Nicht jede Person hat jedoch dieselben Voraussetzungen. Um \u00fcber einen sozialen Ausgleich ein qualitativ hochwertiges Coaching zur Verf\u00fcgung stellen zu k\u00f6nnen, gliedern sich die Preise f\u00fcr ein Coaching in einkommensabh\u00e4ngige Kategorien.","_seopress_robots_index":"","footnotes":""},"class_list":["post-2665","page","type-page","status-publish","hentry"],"_links":{"self":[{"href":"https:\/\/grossesgestalten.de\/de\/wp-json\/wp\/v2\/pages\/2665","targetHints":{"allow":["GET"]}}],"collection":[{"href":"https:\/\/grossesgestalten.de\/de\/wp-json\/wp\/v2\/pages"}],"about":[{"href":"https:\/\/grossesgestalten.de\/de\/wp-json\/wp\/v2\/types\/page"}],"author":[{"embeddable":true,"href":"https:\/\/grossesgestalten.de\/de\/wp-json\/wp\/v2\/users\/1"}],"replies":[{"embeddable":true,"href":"https:\/\/grossesgestalten.de\/de\/wp-json\/wp\/v2\/comments?post=2665"}],"version-history":[{"count":43,"href":"https:\/\/grossesgestalten.de\/de\/wp-json\/wp\/v2\/pages\/2665\/revisions"}],"predecessor-version":[{"id":2965,"href":"https:\/\/grossesgestalten.de\/de\/wp-json\/wp\/v2\/pages\/2665\/revisions\/2965"}],"wp:attachment":[{"href":"https:\/\/grossesgestalten.de\/de\/wp-json\/wp\/v2\/media?parent=2665"}],"curies":[{"name":"wp","href":"https:\/\/api.w.org\/{rel}","templated":true}]}}