{"id":1827,"date":"2023-01-26T15:29:16","date_gmt":"2023-01-26T14:29:16","guid":{"rendered":"https:\/\/grossesgestalten.de\/?page_id=1827"},"modified":"2026-04-01T16:20:06","modified_gmt":"2026-04-01T14:20:06","slug":"non-profit-fortbildungen","status":"publish","type":"page","link":"https:\/\/grossesgestalten.de\/de\/non-profit-fortbildungen\/","title":{"rendered":"Fortbildungen f\u00fcr gemeinn\u00fctzige Tr\u00e4ger und Vereine"},"content":{"rendered":"\t\t<div data-elementor-type=\"wp-page\" data-elementor-id=\"1827\" class=\"elementor elementor-1827\">\n\t\t\t\t\t\t<section class=\"elementor-section elementor-top-section elementor-element elementor-element-fca3d6b elementor-section-boxed elementor-section-height-default elementor-section-height-default\" data-id=\"fca3d6b\" data-element_type=\"section\" data-e-type=\"section\">\n\t\t\t\t\t\t<div class=\"elementor-container elementor-column-gap-default\">\n\t\t\t\t\t<div class=\"elementor-column elementor-col-100 elementor-top-column elementor-element elementor-element-5ed7f1a\" data-id=\"5ed7f1a\" data-element_type=\"column\" data-e-type=\"column\">\n\t\t\t<div class=\"elementor-widget-wrap elementor-element-populated\">\n\t\t\t\t\t\t<div class=\"elementor-element elementor-element-793cf68 elementor-widget elementor-widget-text-editor\" data-id=\"793cf68\" data-element_type=\"widget\" data-e-type=\"widget\" data-widget_type=\"text-editor.default\">\n\t\t\t\t<div class=\"elementor-widget-container\">\n\t\t\t\t\t\t\t\t\t<p>Gemeinn\u00fctzige Tr\u00e4ger und Vereine sehen sich meist mit der Herausforderung konfrontiert, den Anforderungen einer komplexen Welt mit wenigen Ressourcen gerecht zu werden. Engagierte Mitarbeitende finden sich nicht selten in einem Spannungsfeld aus Eigenmotivation und Ersch\u00f6pfung wieder, das auf Dauer das Gelingen der gemeinsamen Projekte gef\u00e4hrdet. <br \/>Ich stelle Ihnen meine Erfahrungen aus der langj\u00e4hrigen Arbeit in der Sozialpsychiatrie sowie meine Expertise als Psychologin, Coach und Supervisorin zur Verf\u00fcgung, um Ihre Mitarbeitenden zu unterst\u00fctzen, nachhaltig mit den eigenen Ressourcen zu verfahren und somit langfristig f\u00fcr das Verfolgen der gemeinsamen Vision zu st\u00e4rken.<\/p>\t\t\t\t\t\t\t\t<\/div>\n\t\t\t\t<\/div>\n\t\t\t\t\t<\/div>\n\t\t<\/div>\n\t\t\t\t\t<\/div>\n\t\t<\/section>\n\t\t\t\t<section class=\"elementor-section elementor-top-section elementor-element elementor-element-4a3564f elementor-section-boxed elementor-section-height-default elementor-section-height-default\" data-id=\"4a3564f\" data-element_type=\"section\" data-e-type=\"section\">\n\t\t\t\t\t\t<div class=\"elementor-container elementor-column-gap-default\">\n\t\t\t\t\t<div class=\"elementor-column elementor-col-100 elementor-top-column elementor-element elementor-element-16981a0\" data-id=\"16981a0\" data-element_type=\"column\" data-e-type=\"column\">\n\t\t\t<div class=\"elementor-widget-wrap elementor-element-populated\">\n\t\t\t\t\t\t<div class=\"elementor-element elementor-element-4eb19fc elementor-widget elementor-widget-image\" data-id=\"4eb19fc\" data-element_type=\"widget\" data-e-type=\"widget\" data-widget_type=\"image.default\">\n\t\t\t\t<div class=\"elementor-widget-container\">\n\t\t\t\t\t\t\t\t\t\t\t\t<figure class=\"wp-caption\">\n\t\t\t\t\t\t\t\t\t\t\t<a href=\"https:\/\/grossesgestalten.de\/wp-content\/uploads\/2022\/07\/Angebot_Traeger_Dipl.-Psych.-Caroline-Grosse.pdf\" target=\"_blank\">\n\t\t\t\t\t\t\t<img decoding=\"async\" width=\"150\" height=\"150\" src=\"https:\/\/grossesgestalten.de\/wp-content\/uploads\/2024\/03\/Traeger-150x150.png\" class=\"attachment-thumbnail size-thumbnail wp-image-2125\" alt=\"\" srcset=\"https:\/\/grossesgestalten.de\/wp-content\/uploads\/2024\/03\/Traeger-150x150.png 150w, https:\/\/grossesgestalten.de\/wp-content\/uploads\/2024\/03\/Traeger-12x12.png 12w\" sizes=\"(max-width: 150px) 100vw, 150px\" \/>\t\t\t\t\t\t\t\t<\/a>\n\t\t\t\t\t\t\t\t\t\t\t<figcaption class=\"widget-image-caption wp-caption-text\">Fortbildungskatalog<\/figcaption>\n\t\t\t\t\t\t\t\t\t\t<\/figure>\n\t\t\t\t\t\t\t\t\t<\/div>\n\t\t\t\t<\/div>\n\t\t\t\t\t<\/div>\n\t\t<\/div>\n\t\t\t\t\t<\/div>\n\t\t<\/section>\n\t\t\t\t<\/div>\n\t\t","protected":false},"excerpt":{"rendered":"<p>Gemeinn\u00fctzige Tr\u00e4ger und Vereine sehen sich meist mit der Herausforderung konfrontiert, den Anforderungen einer komplexen Welt mit wenigen Ressourcen gerecht zu werden. Engagierte Mitarbeitende finden sich nicht selten in einem Spannungsfeld aus Eigenmotivation und Ersch\u00f6pfung wieder, das auf Dauer das Gelingen der gemeinsamen Projekte gef\u00e4hrdet. Ich stelle Ihnen meine Erfahrungen aus der langj\u00e4hrigen Arbeit in &hellip; <\/p>\n","protected":false},"author":1,"featured_media":0,"parent":0,"menu_order":0,"comment_status":"closed","ping_status":"closed","template":"elementor_theme","meta":{"_seopress_robots_primary_cat":"","_seopress_titles_title":"gemeinnuetzige_vereine","_seopress_titles_desc":"Gemeinn\u00fctzige Tr\u00e4ger und Vereine sehen sich meist mit der Herausforderung konfrontiert, den Anforderungen einer komplexen Welt mit wenigen Ressourcen gerecht zu werden. Engagierte Mitarbeitende finden sich nicht selten in einem Spannungsfeld aus Eigenmotivation und Ersch\u00f6pfung wieder, das auf Dauer das Gelingen der gemeinsamen Projekte gef\u00e4hrdet. \r\nIch stelle Ihnen meine Erfahrungen aus der langj\u00e4hrigen Arbeit in der Sozialpsychiatrie sowie meine Expertise als Psychologin, Coach und Supervisorin zur Verf\u00fcgung, um Ihre Mitarbeitenden zu unterst\u00fctzen, nachhaltig mit den eigenen Ressourcen zu verfahren und somit langfristig f\u00fcr das Verfolgen der gemeinsamen Vision zu st\u00e4rken.","_seopress_robots_index":"","footnotes":""},"class_list":["post-1827","page","type-page","status-publish","hentry"],"_links":{"self":[{"href":"https:\/\/grossesgestalten.de\/de\/wp-json\/wp\/v2\/pages\/1827","targetHints":{"allow":["GET"]}}],"collection":[{"href":"https:\/\/grossesgestalten.de\/de\/wp-json\/wp\/v2\/pages"}],"about":[{"href":"https:\/\/grossesgestalten.de\/de\/wp-json\/wp\/v2\/types\/page"}],"author":[{"embeddable":true,"href":"https:\/\/grossesgestalten.de\/de\/wp-json\/wp\/v2\/users\/1"}],"replies":[{"embeddable":true,"href":"https:\/\/grossesgestalten.de\/de\/wp-json\/wp\/v2\/comments?post=1827"}],"version-history":[{"count":15,"href":"https:\/\/grossesgestalten.de\/de\/wp-json\/wp\/v2\/pages\/1827\/revisions"}],"predecessor-version":[{"id":2235,"href":"https:\/\/grossesgestalten.de\/de\/wp-json\/wp\/v2\/pages\/1827\/revisions\/2235"}],"wp:attachment":[{"href":"https:\/\/grossesgestalten.de\/de\/wp-json\/wp\/v2\/media?parent=1827"}],"curies":[{"name":"wp","href":"https:\/\/api.w.org\/{rel}","templated":true}]}}