{"id":15,"date":"2020-03-28T11:37:40","date_gmt":"2020-03-28T10:37:40","guid":{"rendered":"https:\/\/grossesgestalten.de\/?page_id=15"},"modified":"2026-04-01T16:21:00","modified_gmt":"2026-04-01T14:21:00","slug":"ueber-mich","status":"publish","type":"page","link":"https:\/\/grossesgestalten.de\/de\/ueber-mich\/","title":{"rendered":"\u00dcber mich"},"content":{"rendered":"\t\t<div data-elementor-type=\"wp-page\" data-elementor-id=\"15\" class=\"elementor elementor-15\">\n\t\t\t\t\t\t<section class=\"elementor-section elementor-top-section elementor-element elementor-element-a1984cf elementor-section-boxed elementor-section-height-default elementor-section-height-default\" data-id=\"a1984cf\" data-element_type=\"section\" data-e-type=\"section\">\n\t\t\t\t\t\t<div class=\"elementor-container elementor-column-gap-default\">\n\t\t\t\t\t<div class=\"elementor-column elementor-col-100 elementor-top-column elementor-element elementor-element-1c1feaa\" data-id=\"1c1feaa\" data-element_type=\"column\" data-e-type=\"column\">\n\t\t\t<div class=\"elementor-widget-wrap elementor-element-populated\">\n\t\t\t\t\t\t<section class=\"elementor-section elementor-inner-section elementor-element elementor-element-77f3d8b elementor-section-boxed elementor-section-height-default elementor-section-height-default\" data-id=\"77f3d8b\" data-element_type=\"section\" data-e-type=\"section\">\n\t\t\t\t\t\t<div class=\"elementor-container elementor-column-gap-default\">\n\t\t\t\t\t<div class=\"elementor-column elementor-col-50 elementor-inner-column elementor-element elementor-element-6516937\" data-id=\"6516937\" data-element_type=\"column\" data-e-type=\"column\">\n\t\t\t<div class=\"elementor-widget-wrap elementor-element-populated\">\n\t\t\t\t\t\t<div class=\"elementor-element elementor-element-cb36603 elementor-widget elementor-widget-spacer\" data-id=\"cb36603\" data-element_type=\"widget\" data-e-type=\"widget\" data-widget_type=\"spacer.default\">\n\t\t\t\t<div class=\"elementor-widget-container\">\n\t\t\t\t\t\t\t<div class=\"elementor-spacer\">\n\t\t\t<div class=\"elementor-spacer-inner\"><\/div>\n\t\t<\/div>\n\t\t\t\t\t\t<\/div>\n\t\t\t\t<\/div>\n\t\t\t\t<div class=\"elementor-element elementor-element-72861bc elementor-widget elementor-widget-text-editor\" data-id=\"72861bc\" data-element_type=\"widget\" data-e-type=\"widget\" data-widget_type=\"text-editor.default\">\n\t\t\t\t<div class=\"elementor-widget-container\">\n\t\t\t\t\t\t\t\t\t<p style=\"text-align: center; style=\" color:=\"\" #3d6b4a;\";=\"\" \"=\"\"><span style=\"font-family: var( --e-global-typography-text-font-family ), Sans-serif; font-weight: var( --e-global-typography-text-font-weight );\">Coachings &amp; Trainings<\/span><br><\/p>\n<p style=\"text-align: center;\">auf Grundlage der<\/p>\n<p style=\"text-align: center;\">prozessorientierten Psychologie<\/p>\n<p style=\"text-align: center;\">sind f\u00fcr mich die effizientesten Werkzeuge,<strong style=\"color: #3d6b4a;\"> mehr Gestaltungsfreiheit&nbsp;<\/strong><strong style=\"color: #3d6b4a;\">im Leben <\/strong><\/p>\n<p style=\"text-align: center;\">zu <strong style=\"color: #3d6b4a;\">erlangen&nbsp;<\/strong><strong style=\"color: #3d6b4a;\">\u2013 in Bewusstheit, <\/strong><\/p>\n<p style=\"text-align: center;\"><strong style=\"color: #3d6b4a;\">Vertrauen und Eigenverantwortung.<\/strong><span style=\"color: #3d6b4a; text-align: left;\"><br>\n<\/span><\/p>\t\t\t\t\t\t\t\t<\/div>\n\t\t\t\t<\/div>\n\t\t\t\t\t<\/div>\n\t\t<\/div>\n\t\t\t\t<div class=\"elementor-column elementor-col-50 elementor-inner-column elementor-element elementor-element-f70103c\" data-id=\"f70103c\" data-element_type=\"column\" data-e-type=\"column\">\n\t\t\t<div class=\"elementor-widget-wrap elementor-element-populated\">\n\t\t\t\t\t\t<div class=\"elementor-element elementor-element-7bb72ff elementor-widget elementor-widget-image\" data-id=\"7bb72ff\" data-element_type=\"widget\" data-e-type=\"widget\" data-widget_type=\"image.default\">\n\t\t\t\t<div class=\"elementor-widget-container\">\n\t\t\t\t\t\t\t\t\t\t\t\t\t\t\t<img fetchpriority=\"high\" decoding=\"async\" width=\"300\" height=\"300\" src=\"https:\/\/grossesgestalten.de\/wp-content\/uploads\/2024\/10\/Caro-300x300.png\" class=\"attachment-medium size-medium wp-image-2643\" alt=\"\" srcset=\"https:\/\/grossesgestalten.de\/wp-content\/uploads\/2024\/10\/Caro-300x300.png 300w, https:\/\/grossesgestalten.de\/wp-content\/uploads\/2024\/10\/Caro-150x150.png 150w, https:\/\/grossesgestalten.de\/wp-content\/uploads\/2024\/10\/Caro-12x12.png 12w, https:\/\/grossesgestalten.de\/wp-content\/uploads\/2024\/10\/Caro-60x60.png 60w, https:\/\/grossesgestalten.de\/wp-content\/uploads\/2024\/10\/Caro.png 702w\" sizes=\"(max-width: 300px) 100vw, 300px\" \/>\t\t\t\t\t\t\t\t\t\t\t\t\t\t\t<\/div>\n\t\t\t\t<\/div>\n\t\t\t\t\t<\/div>\n\t\t<\/div>\n\t\t\t\t\t<\/div>\n\t\t<\/section>\n\t\t\t\t<div class=\"elementor-element elementor-element-0a8c20d elementor-widget-mobile__width-inherit elementor-widget elementor-widget-text-editor\" data-id=\"0a8c20d\" data-element_type=\"widget\" data-e-type=\"widget\" data-widget_type=\"text-editor.default\">\n\t\t\t\t<div class=\"elementor-widget-container\">\n\t\t\t\t\t\t\t\t\t<div style=\"grid-template-columns: auto 28%;\"><figure><\/figure><div><p style=\"color: #7a7a7a; text-align: left;\"><span style=\"color: #3d6b4a;\">In Berlin geboren und aufgewachsen ging ich nach meinem Abitur f\u00fcr einen trilateralen Friedensdienst mit der ASF nach London. In der Lebensgemeinschaft mit Menschen mit und ohne Behinderung lernte ich allem voran die\u00a0<\/span><strong style=\"color: #3d6b4a;\">Wichtigkeit der Bewusstheit und Kommunikation von Bed\u00fcrfnissen und Grenzen<\/strong><span style=\"color: #3d6b4a;\">\u00a0kennen. Diese Themen bilden nach wie vor den Kern meiner Arbeit.<\/span><\/p><p>\u00a0<\/p><p style=\"text-align: left;\"><span style=\"font-family: var( --e-global-typography-text-font-family ), Sans-serif; font-weight: var( --e-global-typography-text-font-weight );\">Mein <\/span><strong style=\"font-family: var( --e-global-typography-text-font-family ), Sans-serif;\">Psychologie-Diplom <\/strong><span style=\"font-family: var( --e-global-typography-text-font-family ), Sans-serif; font-weight: var( --e-global-typography-text-font-weight );\">begann ich 2008 in Potsdam. Doch schon bald zog es mich wieder in die Ferne. In meinem Austauschjahr in Utrecht genoss ich vor allem die Offenheit und Gezelligheid der Niederl\u00e4nder*innen und besuchte neben meinem Hauptfach auch Wirtschafts- und Soziologieveranstaltungen. Zum ersten Mal lernte ich durch einen Kurs in <\/span><em style=\"font-family: var( --e-global-typography-text-font-family ), Sans-serif; font-weight: var( --e-global-typography-text-font-weight );\">Coaching und Training<\/em><span style=\"font-family: var( --e-global-typography-text-font-family ), Sans-serif; font-weight: var( --e-global-typography-text-font-weight );\"> den Begriff f\u00fcr das kennen, was ich mir in meiner beruflichen Zukunft vorstellte: <\/span><strong style=\"font-family: var( --e-global-typography-text-font-family ), Sans-serif;\">Menschen <\/strong><span style=\"font-family: var( --e-global-typography-text-font-family ), Sans-serif; font-weight: var( --e-global-typography-text-font-weight );\">darin zu<\/span><strong style=\"font-family: var( --e-global-typography-text-font-family ), Sans-serif;\"> begleiten zu erf\u00fcllteren Beziehungen, ihrer Gestaltungskraft und Authentizit\u00e4t zu finden.<\/strong><\/p><p>\u00a0<\/p><p style=\"text-align: left;\">Zur\u00fcck in Berlin legte ich meinen Studienschwerpunkt auf die p\u00e4dagogische Psychologie, um mehr \u00fcber die <strong>menschliche Entwicklung und das Lernen<\/strong> zu erfahren. Daneben begann ich in <strong>psychosozialen Kontakt- und Beratungsstellen<\/strong> zu arbeiten, neben der psychologischen <strong>Einzelberatung <\/strong><strong>psychoedukative Trainings und Gruppenangebote<\/strong> zu schaffen und nahm ein Coaching-Praktikum auf. Nach Abschluss meines Diploms absolvierte ich an ebenjenem Institut die dreij\u00e4hrige berufsbegleitende Ausbildung <strong><em>N<\/em>-Prozess\u00ae-Moderation und prozessorientiertes Coaching<\/strong>. Die gewonnenen Methoden und Haltungen brachte ich direkt in meinen Beruf als <strong>Jobcoach<\/strong> mit jungen Erwachsenen und Menschen mit Fluchterfahrung ein.\u00a0<\/p><p style=\"text-align: left;\">In der prozessorientierten Psychologie habe ich eine bezogene, humanistische und personenzentrierte Arbeitsweise und Methodik gefunden, die mein naturwissenschaftliches Studium erg\u00e4nzen und mein Leben und meine psychologische Arbeit entscheidend gepr\u00e4gt haben.<\/p><p>\u00a0<\/p><p style=\"text-align: left;\">Um die Prozessarbeit auch hierzulande einem breiten Publikum zug\u00e4nglich zu machen, widme ich mich mit gro\u00dfer Freude der erfahrungs- und austauschbasierten <strong>Seminarkonzeption f\u00fcr\u00a0<\/strong><strong>Hochschulen, Unternehmen, <\/strong><strong>Tr\u00e4ger und Vereine<\/strong>. In meinen Trainings und Lehrveranstaltungen schaffe ich Begegnungs- und Austauschr\u00e4ume, in denen Lernen erfahrungsbasiert, bezogen, leicht und mit Freude erlebt werden kann.<\/p><p>\u00a0<\/p><p style=\"text-align: left;\">Ich stelle dir meine Erkenntnisse und Werte in meiner Coachingpraxis sowie meinen Trainings und Seminaren zur Verf\u00fcgung, da ich aus eigener Erfahrung und in mehrj\u00e4hriger Arbeit mit Menschen verschiedenster Hintergr\u00fcnde von ihrer nachhaltigen Wirkung \u00fcberzeugt bin. Schon durch kleine Entdeckungen und Ver\u00e4nderungen kannst du dir gro\u00dfe Gestaltungsr\u00e4ume erschlie\u00dfen.\u00a0<\/p><p>\u00a0<\/p><p style=\"text-align: left;\">In diesem Sinne lade ich dich ein: <strong>Lass uns gemeinsam Gro\u00dfes gestalten!<br \/><\/strong><\/p><\/div><\/div>\t\t\t\t\t\t\t\t<\/div>\n\t\t\t\t<\/div>\n\t\t\t\t\t<\/div>\n\t\t<\/div>\n\t\t\t\t\t<\/div>\n\t\t<\/section>\n\t\t\t\t<section class=\"elementor-section elementor-top-section elementor-element elementor-element-ea6dff2 elementor-section-boxed elementor-section-height-default elementor-section-height-default\" data-id=\"ea6dff2\" data-element_type=\"section\" data-e-type=\"section\">\n\t\t\t\t\t\t<div class=\"elementor-container elementor-column-gap-default\">\n\t\t\t\t\t<div class=\"elementor-column elementor-col-100 elementor-top-column elementor-element elementor-element-e157613\" data-id=\"e157613\" data-element_type=\"column\" data-e-type=\"column\">\n\t\t\t<div class=\"elementor-widget-wrap elementor-element-populated\">\n\t\t\t\t\t\t<section class=\"elementor-section elementor-inner-section elementor-element elementor-element-22ea9ce elementor-section-boxed elementor-section-height-default elementor-section-height-default\" data-id=\"22ea9ce\" data-element_type=\"section\" data-e-type=\"section\">\n\t\t\t\t\t\t<div class=\"elementor-container elementor-column-gap-default\">\n\t\t\t\t\t<div class=\"elementor-column elementor-col-50 elementor-inner-column elementor-element elementor-element-e637b62\" data-id=\"e637b62\" data-element_type=\"column\" data-e-type=\"column\">\n\t\t\t<div class=\"elementor-widget-wrap elementor-element-populated\">\n\t\t\t\t\t\t<div class=\"elementor-element elementor-element-f52d887 elementor-widget elementor-widget-image\" data-id=\"f52d887\" data-element_type=\"widget\" data-e-type=\"widget\" data-widget_type=\"image.default\">\n\t\t\t\t<div class=\"elementor-widget-container\">\n\t\t\t\t\t\t\t\t\t\t\t\t<figure class=\"wp-caption\">\n\t\t\t\t\t\t\t\t\t\t\t<a href=\"https:\/\/grossesgestalten.de\/de\/gestaltungsraum\/coaching\/\">\n\t\t\t\t\t\t\t<img decoding=\"async\" width=\"150\" height=\"150\" src=\"https:\/\/grossesgestalten.de\/wp-content\/uploads\/2020\/04\/Sprechblasen-150x150.png\" class=\"attachment-thumbnail size-thumbnail wp-image-148\" alt=\"\" srcset=\"https:\/\/grossesgestalten.de\/wp-content\/uploads\/2020\/04\/Sprechblasen-150x150.png 150w, https:\/\/grossesgestalten.de\/wp-content\/uploads\/2020\/04\/Sprechblasen-300x300.png 300w, https:\/\/grossesgestalten.de\/wp-content\/uploads\/2020\/04\/Sprechblasen-60x60.png 60w, https:\/\/grossesgestalten.de\/wp-content\/uploads\/2020\/04\/Sprechblasen.png 500w\" sizes=\"(max-width: 150px) 100vw, 150px\" \/>\t\t\t\t\t\t\t\t<\/a>\n\t\t\t\t\t\t\t\t\t\t\t<figcaption class=\"widget-image-caption wp-caption-text\">Mehr \u00fcber das Coaching erfahren<\/figcaption>\n\t\t\t\t\t\t\t\t\t\t<\/figure>\n\t\t\t\t\t\t\t\t\t<\/div>\n\t\t\t\t<\/div>\n\t\t\t\t\t<\/div>\n\t\t<\/div>\n\t\t\t\t<div class=\"elementor-column elementor-col-50 elementor-inner-column elementor-element elementor-element-0812c29\" data-id=\"0812c29\" data-element_type=\"column\" data-e-type=\"column\">\n\t\t\t<div class=\"elementor-widget-wrap elementor-element-populated\">\n\t\t\t\t\t\t<div class=\"elementor-element elementor-element-6c7fd31 elementor-widget elementor-widget-image\" data-id=\"6c7fd31\" data-element_type=\"widget\" data-e-type=\"widget\" data-widget_type=\"image.default\">\n\t\t\t\t<div class=\"elementor-widget-container\">\n\t\t\t\t\t\t\t\t\t\t\t\t<figure class=\"wp-caption\">\n\t\t\t\t\t\t\t\t\t\t\t<a href=\"https:\/\/grossesgestalten.de\/kontakt\/\">\n\t\t\t\t\t\t\t<img decoding=\"async\" width=\"150\" height=\"150\" src=\"https:\/\/grossesgestalten.de\/wp-content\/uploads\/2024\/03\/Kontakt-150x150.png\" class=\"attachment-thumbnail size-thumbnail wp-image-2153\" alt=\"\" srcset=\"https:\/\/grossesgestalten.de\/wp-content\/uploads\/2024\/03\/Kontakt-150x150.png 150w, https:\/\/grossesgestalten.de\/wp-content\/uploads\/2024\/03\/Kontakt-13x12.png 13w\" sizes=\"(max-width: 150px) 100vw, 150px\" \/>\t\t\t\t\t\t\t\t<\/a>\n\t\t\t\t\t\t\t\t\t\t\t<figcaption class=\"widget-image-caption wp-caption-text\">Kontakt aufnehmen<\/figcaption>\n\t\t\t\t\t\t\t\t\t\t<\/figure>\n\t\t\t\t\t\t\t\t\t<\/div>\n\t\t\t\t<\/div>\n\t\t\t\t\t<\/div>\n\t\t<\/div>\n\t\t\t\t\t<\/div>\n\t\t<\/section>\n\t\t\t\t\t<\/div>\n\t\t<\/div>\n\t\t\t\t\t<\/div>\n\t\t<\/section>\n\t\t\t\t<section class=\"elementor-section elementor-top-section elementor-element elementor-element-324d625 elementor-section-boxed elementor-section-height-default elementor-section-height-default\" data-id=\"324d625\" data-element_type=\"section\" data-e-type=\"section\">\n\t\t\t\t\t\t<div class=\"elementor-container elementor-column-gap-default\">\n\t\t\t\t\t<div class=\"elementor-column elementor-col-100 elementor-top-column elementor-element elementor-element-bb371f5\" data-id=\"bb371f5\" data-element_type=\"column\" data-e-type=\"column\">\n\t\t\t<div class=\"elementor-widget-wrap\">\n\t\t\t\t\t\t\t<\/div>\n\t\t<\/div>\n\t\t\t\t\t<\/div>\n\t\t<\/section>\n\t\t\t\t<\/div>\n\t\t","protected":false},"excerpt":{"rendered":"<p>Coachings &amp; Trainings auf Grundlage der prozessorientierten Psychologie sind f\u00fcr mich die effizientesten Werkzeuge, mehr Gestaltungsfreiheit&nbsp;im Leben zu erlangen&nbsp;\u2013 in Bewusstheit, Vertrauen und Eigenverantwortung. In Berlin geboren und aufgewachsen ging ich nach meinem Abitur f\u00fcr einen trilateralen Friedensdienst mit der ASF nach London. In der Lebensgemeinschaft mit Menschen mit und ohne Behinderung lernte ich allem &hellip; <\/p>\n","protected":false},"author":1,"featured_media":0,"parent":0,"menu_order":0,"comment_status":"closed","ping_status":"closed","template":"elementor_theme","meta":{"_seopress_robots_primary_cat":"","_seopress_titles_title":"Coach Caro","_seopress_titles_desc":"Ich bin Coach und p\u00e4dagogische Psychologin aus Leidenschaft. Mein Angebot, ist dich auf deiner Entdeckungsreise zu deinem erf\u00fcllten Leben zu begleiten.","_seopress_robots_index":"","footnotes":""},"class_list":["post-15","page","type-page","status-publish","hentry"],"_links":{"self":[{"href":"https:\/\/grossesgestalten.de\/de\/wp-json\/wp\/v2\/pages\/15","targetHints":{"allow":["GET"]}}],"collection":[{"href":"https:\/\/grossesgestalten.de\/de\/wp-json\/wp\/v2\/pages"}],"about":[{"href":"https:\/\/grossesgestalten.de\/de\/wp-json\/wp\/v2\/types\/page"}],"author":[{"embeddable":true,"href":"https:\/\/grossesgestalten.de\/de\/wp-json\/wp\/v2\/users\/1"}],"replies":[{"embeddable":true,"href":"https:\/\/grossesgestalten.de\/de\/wp-json\/wp\/v2\/comments?post=15"}],"version-history":[{"count":203,"href":"https:\/\/grossesgestalten.de\/de\/wp-json\/wp\/v2\/pages\/15\/revisions"}],"predecessor-version":[{"id":2646,"href":"https:\/\/grossesgestalten.de\/de\/wp-json\/wp\/v2\/pages\/15\/revisions\/2646"}],"wp:attachment":[{"href":"https:\/\/grossesgestalten.de\/de\/wp-json\/wp\/v2\/media?parent=15"}],"curies":[{"name":"wp","href":"https:\/\/api.w.org\/{rel}","templated":true}]}}