{"id":1375,"date":"2022-10-13T13:31:31","date_gmt":"2022-10-13T11:31:31","guid":{"rendered":"https:\/\/grossesgestalten.de\/?page_id=1375"},"modified":"2026-04-01T16:18:47","modified_gmt":"2026-04-01T14:18:47","slug":"life-coaching","status":"publish","type":"page","link":"https:\/\/grossesgestalten.de\/de\/life-coaching\/","title":{"rendered":"Life Coaching"},"content":{"rendered":"\t\t<div data-elementor-type=\"wp-page\" data-elementor-id=\"1375\" class=\"elementor elementor-1375\">\n\t\t\t\t\t\t<section class=\"elementor-section elementor-top-section elementor-element elementor-element-b6a87a5 elementor-section-boxed elementor-section-height-default elementor-section-height-default\" data-id=\"b6a87a5\" data-element_type=\"section\" data-e-type=\"section\">\n\t\t\t\t\t\t<div class=\"elementor-container elementor-column-gap-default\">\n\t\t\t\t\t<div class=\"elementor-column elementor-col-100 elementor-top-column elementor-element elementor-element-348472b\" data-id=\"348472b\" data-element_type=\"column\" data-e-type=\"column\">\n\t\t\t<div class=\"elementor-widget-wrap elementor-element-populated\">\n\t\t\t\t\t\t<div class=\"elementor-element elementor-element-36ef085 elementor-widget elementor-widget-image\" data-id=\"36ef085\" data-element_type=\"widget\" data-e-type=\"widget\" data-widget_type=\"image.default\">\n\t\t\t\t<div class=\"elementor-widget-container\">\n\t\t\t\t\t\t\t\t\t\t\t\t\t\t\t<img fetchpriority=\"high\" decoding=\"async\" width=\"1024\" height=\"307\" src=\"https:\/\/grossesgestalten.de\/wp-content\/uploads\/2022\/06\/Dein-Geschenk-an-dich-selbst-e1655101597999-1024x307.png\" class=\"attachment-large size-large wp-image-1264\" alt=\"\" srcset=\"https:\/\/grossesgestalten.de\/wp-content\/uploads\/2022\/06\/Dein-Geschenk-an-dich-selbst-e1655101597999-1024x307.png 1024w, https:\/\/grossesgestalten.de\/wp-content\/uploads\/2022\/06\/Dein-Geschenk-an-dich-selbst-e1655101597999-300x90.png 300w, https:\/\/grossesgestalten.de\/wp-content\/uploads\/2022\/06\/Dein-Geschenk-an-dich-selbst-e1655101597999-768x230.png 768w, https:\/\/grossesgestalten.de\/wp-content\/uploads\/2022\/06\/Dein-Geschenk-an-dich-selbst-e1655101597999-18x5.png 18w, https:\/\/grossesgestalten.de\/wp-content\/uploads\/2022\/06\/Dein-Geschenk-an-dich-selbst-e1655101597999-200x60.png 200w, https:\/\/grossesgestalten.de\/wp-content\/uploads\/2022\/06\/Dein-Geschenk-an-dich-selbst-e1655101597999.png 1080w\" sizes=\"(max-width: 1024px) 100vw, 1024px\" \/>\t\t\t\t\t\t\t\t\t\t\t\t\t\t\t<\/div>\n\t\t\t\t<\/div>\n\t\t\t\t\t<\/div>\n\t\t<\/div>\n\t\t\t\t\t<\/div>\n\t\t<\/section>\n\t\t\t\t<section class=\"elementor-section elementor-top-section elementor-element elementor-element-dbc5c12 elementor-section-boxed elementor-section-height-default elementor-section-height-default\" data-id=\"dbc5c12\" data-element_type=\"section\" data-e-type=\"section\">\n\t\t\t\t\t\t<div class=\"elementor-container elementor-column-gap-default\">\n\t\t\t\t\t<div class=\"elementor-column elementor-col-50 elementor-top-column elementor-element elementor-element-e13714e\" data-id=\"e13714e\" data-element_type=\"column\" data-e-type=\"column\">\n\t\t\t<div class=\"elementor-widget-wrap elementor-element-populated\">\n\t\t\t\t\t\t<div class=\"elementor-element elementor-element-d2c0191 elementor-widget elementor-widget-image\" data-id=\"d2c0191\" data-element_type=\"widget\" data-e-type=\"widget\" data-widget_type=\"image.default\">\n\t\t\t\t<div class=\"elementor-widget-container\">\n\t\t\t\t\t\t\t\t\t\t\t\t\t\t\t<img decoding=\"async\" width=\"500\" height=\"500\" src=\"https:\/\/grossesgestalten.de\/wp-content\/uploads\/2022\/10\/Sprechblasen.png\" class=\"attachment-large size-large wp-image-1381\" alt=\"\" srcset=\"https:\/\/grossesgestalten.de\/wp-content\/uploads\/2022\/10\/Sprechblasen.png 500w, https:\/\/grossesgestalten.de\/wp-content\/uploads\/2022\/10\/Sprechblasen-300x300.png 300w, https:\/\/grossesgestalten.de\/wp-content\/uploads\/2022\/10\/Sprechblasen-150x150.png 150w, https:\/\/grossesgestalten.de\/wp-content\/uploads\/2022\/10\/Sprechblasen-12x12.png 12w, https:\/\/grossesgestalten.de\/wp-content\/uploads\/2022\/10\/Sprechblasen-60x60.png 60w\" sizes=\"(max-width: 500px) 100vw, 500px\" \/>\t\t\t\t\t\t\t\t\t\t\t\t\t\t\t<\/div>\n\t\t\t\t<\/div>\n\t\t\t\t\t<\/div>\n\t\t<\/div>\n\t\t\t\t<div class=\"elementor-column elementor-col-50 elementor-top-column elementor-element elementor-element-0db0c53\" data-id=\"0db0c53\" data-element_type=\"column\" data-e-type=\"column\">\n\t\t\t<div class=\"elementor-widget-wrap elementor-element-populated\">\n\t\t\t\t\t\t<div class=\"elementor-element elementor-element-dbe05fc elementor-widget elementor-widget-text-editor\" data-id=\"dbe05fc\" data-element_type=\"widget\" data-e-type=\"widget\" data-widget_type=\"text-editor.default\">\n\t\t\t\t<div class=\"elementor-widget-container\">\n\t\t\t\t\t\t\t\t\t<p style=\"text-align: left;\">Coaching setzt da an, wo du in deinem Leben an Grenzen st\u00f6\u00dft. Das kann sich bspw. anhand wiederkehrender Konflikte, Blockaden, unerf\u00fcllter W\u00fcnsche oder Entscheidungsschwierigkeiten zeigen.<\/p><p>\u00a0<\/p><p style=\"text-align: left;\">Gemeinsam gestalten wir einen <b>Raum, in dem du sicher und vertrauensvoll deine Themen und die verborgenen Potenziale darin ergr\u00fcnden und entfalten kannst<\/b>.<\/p>\t\t\t\t\t\t\t\t<\/div>\n\t\t\t\t<\/div>\n\t\t\t\t\t<\/div>\n\t\t<\/div>\n\t\t\t\t\t<\/div>\n\t\t<\/section>\n\t\t\t\t<section class=\"elementor-section elementor-top-section elementor-element elementor-element-c235eda elementor-section-boxed elementor-section-height-default elementor-section-height-default\" data-id=\"c235eda\" data-element_type=\"section\" data-e-type=\"section\">\n\t\t\t\t\t\t<div class=\"elementor-container elementor-column-gap-default\">\n\t\t\t\t\t<div class=\"elementor-column elementor-col-100 elementor-top-column elementor-element elementor-element-fad77d6\" data-id=\"fad77d6\" data-element_type=\"column\" data-e-type=\"column\">\n\t\t\t<div class=\"elementor-widget-wrap elementor-element-populated\">\n\t\t\t\t\t\t<div class=\"elementor-element elementor-element-c92b2ec elementor-widget elementor-widget-button\" data-id=\"c92b2ec\" data-element_type=\"widget\" data-e-type=\"widget\" data-widget_type=\"button.default\">\n\t\t\t\t<div class=\"elementor-widget-container\">\n\t\t\t\t\t\t\t\t\t<div class=\"elementor-button-wrapper\">\n\t\t\t\t\t<a class=\"elementor-button elementor-button-link elementor-size-sm\" href=\"https:\/\/grossesgestalten.de\/de\/gestaltungsraum\/coaching\/\">\n\t\t\t\t\t\t<span class=\"elementor-button-content-wrapper\">\n\t\t\t\t\t\t\t\t\t<span class=\"elementor-button-text\">mehr \u00fcber prozessorientiertes Coaching<\/span>\n\t\t\t\t\t<\/span>\n\t\t\t\t\t<\/a>\n\t\t\t\t<\/div>\n\t\t\t\t\t\t\t\t<\/div>\n\t\t\t\t<\/div>\n\t\t\t\t\t<\/div>\n\t\t<\/div>\n\t\t\t\t\t<\/div>\n\t\t<\/section>\n\t\t\t\t<section class=\"elementor-section elementor-top-section elementor-element elementor-element-34de889 elementor-section-boxed elementor-section-height-default elementor-section-height-default\" data-id=\"34de889\" data-element_type=\"section\" data-e-type=\"section\">\n\t\t\t\t\t\t<div class=\"elementor-container elementor-column-gap-default\">\n\t\t\t\t\t<div class=\"elementor-column elementor-col-100 elementor-top-column elementor-element elementor-element-53addc3\" data-id=\"53addc3\" data-element_type=\"column\" data-e-type=\"column\">\n\t\t\t<div class=\"elementor-widget-wrap elementor-element-populated\">\n\t\t\t\t\t\t<div class=\"elementor-element elementor-element-9763325 elementor-widget elementor-widget-text-editor\" data-id=\"9763325\" data-element_type=\"widget\" data-e-type=\"widget\" data-widget_type=\"text-editor.default\">\n\t\t\t\t<div class=\"elementor-widget-container\">\n\t\t\t\t\t\t\t\t\t<h4>Der Fokus meiner Arbeit liegt auf der bewussten Lebens- und Beziehungsgestaltung.<\/h4><p style=\"text-align: left;\"><strong>An der Oberfl\u00e4che k\u00f6nnen sich diese Prozesse in Form der folgenden Themen oder W\u00fcnsche zeigen<\/strong>:<\/p><p>\u00a0<\/p><ul style=\"text-align: left;\"><li style=\"list-style-type: none;\"><ul><li>Schluss mit der (\u00dcber-)Anpassung: dein authentisches Ich entdecken und entfalten<\/li><li>Individuation: das eigene Profil sch\u00e4rfen &amp; Potenziale entfalten;\u00a0 f\u00fcr eigene Bed\u00fcrfnisse und Grenzen einstehen<\/li><li>Beziehungen gestalten: Umgang mit Konflikten in Familie, beruflichen oder privaten Beziehungen<\/li><li>bewusste Gestaltung alternativer Partnerschafts- und Beziehungsmodelle<\/li><li>dem inneren Kritiker auf der Spur: Selbstliebe &amp; Selbstf\u00fcrsorge entwickeln<\/li><li>raus aus der Einbahnstra\u00dfe: Gestaltungsr\u00e4ume in verschiedenen Lebensbereichen &amp; gef\u00fchlten Sackgassen erschlie\u00dfen<\/li><li>berufliche Orientierung &amp; Karriere- und Job Coaching<\/li><li>Bewerbungstraining &amp; Begleitung von Abschlussarbeiten<\/li><li>der innere Antreiber und Imposter-Syndrom: Burnout und Ersch\u00f6pfungszust\u00e4nden vorbeugen\/ entgegenwirken<\/li><li>die Kraft der eigenen Geschichte zu eigen machen: einen konstruktiven Umgang mit pr\u00e4genden Erlebnissen aus Kindheit, Jugend oder j\u00fcngster Vergangenheit finden<\/li><\/ul><\/li><\/ul><p style=\"text-align: left;\">\u00a0<\/p>\t\t\t\t\t\t\t\t<\/div>\n\t\t\t\t<\/div>\n\t\t\t\t\t<\/div>\n\t\t<\/div>\n\t\t\t\t\t<\/div>\n\t\t<\/section>\n\t\t\t\t<section class=\"elementor-section elementor-top-section elementor-element elementor-element-2daccd9 elementor-section-boxed elementor-section-height-default elementor-section-height-default\" data-id=\"2daccd9\" data-element_type=\"section\" data-e-type=\"section\">\n\t\t\t\t\t\t<div class=\"elementor-container elementor-column-gap-default\">\n\t\t\t\t\t<div class=\"elementor-column elementor-col-100 elementor-top-column elementor-element elementor-element-0cf5084\" data-id=\"0cf5084\" data-element_type=\"column\" data-e-type=\"column\">\n\t\t\t<div class=\"elementor-widget-wrap elementor-element-populated\">\n\t\t\t\t\t\t<div class=\"elementor-element elementor-element-f4afff3 elementor-widget elementor-widget-image\" data-id=\"f4afff3\" data-element_type=\"widget\" data-e-type=\"widget\" data-widget_type=\"image.default\">\n\t\t\t\t<div class=\"elementor-widget-container\">\n\t\t\t\t\t\t\t\t\t\t\t\t\t\t\t\t<a href=\"https:\/\/grossesgestalten.de\/de\/gestaltungsraum\/coaching\/rezensionen\/\">\n\t\t\t\t\t\t\t<img decoding=\"async\" width=\"300\" height=\"277\" src=\"https:\/\/grossesgestalten.de\/wp-content\/uploads\/2024\/07\/Screenshot-2024-07-19-11.04.05-300x277.png\" class=\"attachment-medium size-medium wp-image-2488\" alt=\"\" srcset=\"https:\/\/grossesgestalten.de\/wp-content\/uploads\/2024\/07\/Screenshot-2024-07-19-11.04.05-300x277.png 300w, https:\/\/grossesgestalten.de\/wp-content\/uploads\/2024\/07\/Screenshot-2024-07-19-11.04.05-1024x945.png 1024w, https:\/\/grossesgestalten.de\/wp-content\/uploads\/2024\/07\/Screenshot-2024-07-19-11.04.05-768x709.png 768w, https:\/\/grossesgestalten.de\/wp-content\/uploads\/2024\/07\/Screenshot-2024-07-19-11.04.05-13x12.png 13w, https:\/\/grossesgestalten.de\/wp-content\/uploads\/2024\/07\/Screenshot-2024-07-19-11.04.05-65x60.png 65w, https:\/\/grossesgestalten.de\/wp-content\/uploads\/2024\/07\/Screenshot-2024-07-19-11.04.05.png 1027w\" sizes=\"(max-width: 300px) 100vw, 300px\" \/>\t\t\t\t\t\t\t\t<\/a>\n\t\t\t\t\t\t\t\t\t\t\t\t\t\t\t<\/div>\n\t\t\t\t<\/div>\n\t\t\t\t\t<\/div>\n\t\t<\/div>\n\t\t\t\t\t<\/div>\n\t\t<\/section>\n\t\t\t\t<section class=\"elementor-section elementor-top-section elementor-element elementor-element-c7a8a85 elementor-section-boxed elementor-section-height-default elementor-section-height-default\" data-id=\"c7a8a85\" data-element_type=\"section\" data-e-type=\"section\">\n\t\t\t\t\t\t<div class=\"elementor-container elementor-column-gap-default\">\n\t\t\t\t\t<div class=\"elementor-column elementor-col-100 elementor-top-column elementor-element elementor-element-c453c5d\" data-id=\"c453c5d\" data-element_type=\"column\" data-e-type=\"column\">\n\t\t\t<div class=\"elementor-widget-wrap elementor-element-populated\">\n\t\t\t\t\t\t<div class=\"elementor-element elementor-element-8679975 elementor-widget elementor-widget-text-editor\" data-id=\"8679975\" data-element_type=\"widget\" data-e-type=\"widget\" data-widget_type=\"text-editor.default\">\n\t\t\t\t<div class=\"elementor-widget-container\">\n\t\t\t\t\t\t\t\t\t<h3>Coaching ersetzt keine Therapie<\/h3><p class=\"has-text-color\" style=\"text-align: left;\">Das prozessorientierte Coaching ist in Deutschland kein psychotherapeutisches Richtlinienverfahren und ersetzt keine psychologische Psychotherapie. Zur \u00dcberbr\u00fcckung der Wartezeit auf einen Therapieplatz kann ich dich nach Absprache aber gern begleiten.<\/p><p style=\"text-align: left;\"><em>Falls du Fragen haben solltest oder dir unsicher bist, ob ein Coaching gerade das Richtige f\u00fcr dich ist, kontaktiere mich gern.<\/em><\/p>\t\t\t\t\t\t\t\t<\/div>\n\t\t\t\t<\/div>\n\t\t\t\t\t<\/div>\n\t\t<\/div>\n\t\t\t\t\t<\/div>\n\t\t<\/section>\n\t\t\t\t<section class=\"elementor-section elementor-top-section elementor-element elementor-element-263c36e elementor-section-boxed elementor-section-height-default elementor-section-height-default\" data-id=\"263c36e\" data-element_type=\"section\" data-e-type=\"section\">\n\t\t\t\t\t\t<div class=\"elementor-container elementor-column-gap-default\">\n\t\t\t\t\t<div class=\"elementor-column elementor-col-100 elementor-top-column elementor-element elementor-element-50a99ea\" data-id=\"50a99ea\" data-element_type=\"column\" data-e-type=\"column\">\n\t\t\t<div class=\"elementor-widget-wrap elementor-element-populated\">\n\t\t\t\t\t\t<div class=\"elementor-element elementor-element-a02b889 elementor-widget elementor-widget-image\" data-id=\"a02b889\" data-element_type=\"widget\" data-e-type=\"widget\" data-widget_type=\"image.default\">\n\t\t\t\t<div class=\"elementor-widget-container\">\n\t\t\t\t\t\t\t\t\t\t\t\t<figure class=\"wp-caption\">\n\t\t\t\t\t\t\t\t\t\t\t<a href=\"https:\/\/grossesgestalten.de\/de\/kontakt\/\">\n\t\t\t\t\t\t\t<img loading=\"lazy\" decoding=\"async\" width=\"150\" height=\"150\" src=\"https:\/\/grossesgestalten.de\/wp-content\/uploads\/2024\/03\/Kontakt-150x150.png\" class=\"attachment-thumbnail size-thumbnail wp-image-2153\" alt=\"\" srcset=\"https:\/\/grossesgestalten.de\/wp-content\/uploads\/2024\/03\/Kontakt-150x150.png 150w, https:\/\/grossesgestalten.de\/wp-content\/uploads\/2024\/03\/Kontakt-13x12.png 13w\" sizes=\"(max-width: 150px) 100vw, 150px\" \/>\t\t\t\t\t\t\t\t<\/a>\n\t\t\t\t\t\t\t\t\t\t\t<figcaption class=\"widget-image-caption wp-caption-text\">Auf geht's!<\/figcaption>\n\t\t\t\t\t\t\t\t\t\t<\/figure>\n\t\t\t\t\t\t\t\t\t<\/div>\n\t\t\t\t<\/div>\n\t\t\t\t\t<\/div>\n\t\t<\/div>\n\t\t\t\t\t<\/div>\n\t\t<\/section>\n\t\t\t\t<\/div>\n\t\t","protected":false},"excerpt":{"rendered":"<p>Life Coaching erm\u00f6glicht es dir, in einem vertrauensvollen Rahmen Raum f\u00fcr deine ganz pers\u00f6nlichen Themen zu haben. Ich unterst\u00fctze dich dabei, neue Perspektiven und Ans\u00e4tze zu entwickeln, sodass du dein Leben zufriedener und authentischer gestalten kannst. <\/p>\n","protected":false},"author":1,"featured_media":0,"parent":0,"menu_order":0,"comment_status":"closed","ping_status":"closed","template":"elementor_theme","meta":{"_seopress_robots_primary_cat":"","_seopress_titles_title":"Life Coaching","_seopress_titles_desc":"Life Coaching erm\u00f6glicht es dir, in einem vertrauensvollen Rahmen Raum f\u00fcr deine ganz pers\u00f6nlichen Themen zu haben. Ich unterst\u00fctze dich dabei, neue Perspektiven und Ans\u00e4tze zu entwickeln, sodass du dein Leben zufriedener und authentischer gestalten kannst.","_seopress_robots_index":"","footnotes":""},"class_list":["post-1375","page","type-page","status-publish","hentry"],"_links":{"self":[{"href":"https:\/\/grossesgestalten.de\/de\/wp-json\/wp\/v2\/pages\/1375","targetHints":{"allow":["GET"]}}],"collection":[{"href":"https:\/\/grossesgestalten.de\/de\/wp-json\/wp\/v2\/pages"}],"about":[{"href":"https:\/\/grossesgestalten.de\/de\/wp-json\/wp\/v2\/types\/page"}],"author":[{"embeddable":true,"href":"https:\/\/grossesgestalten.de\/de\/wp-json\/wp\/v2\/users\/1"}],"replies":[{"embeddable":true,"href":"https:\/\/grossesgestalten.de\/de\/wp-json\/wp\/v2\/comments?post=1375"}],"version-history":[{"count":143,"href":"https:\/\/grossesgestalten.de\/de\/wp-json\/wp\/v2\/pages\/1375\/revisions"}],"predecessor-version":[{"id":2950,"href":"https:\/\/grossesgestalten.de\/de\/wp-json\/wp\/v2\/pages\/1375\/revisions\/2950"}],"wp:attachment":[{"href":"https:\/\/grossesgestalten.de\/de\/wp-json\/wp\/v2\/media?parent=1375"}],"curies":[{"name":"wp","href":"https:\/\/api.w.org\/{rel}","templated":true}]}}