{"id":105,"date":"2020-04-05T16:05:34","date_gmt":"2020-04-05T14:05:34","guid":{"rendered":"https:\/\/grossesgestalten.de\/?page_id=105"},"modified":"2026-04-14T15:16:57","modified_gmt":"2026-04-14T13:16:57","slug":"gestaltungsraum","status":"publish","type":"page","link":"https:\/\/grossesgestalten.de\/de\/","title":{"rendered":"Gestaltungsraum"},"content":{"rendered":"\t\t<div data-elementor-type=\"wp-page\" data-elementor-id=\"105\" class=\"elementor elementor-105\">\n\t\t\t\t\t\t<section class=\"elementor-section elementor-top-section elementor-element elementor-element-a77246b elementor-section-boxed elementor-section-height-default elementor-section-height-default\" data-id=\"a77246b\" data-element_type=\"section\" data-e-type=\"section\">\n\t\t\t\t\t\t<div class=\"elementor-container elementor-column-gap-default\">\n\t\t\t\t\t<div class=\"elementor-column elementor-col-100 elementor-top-column elementor-element elementor-element-8e0fcf1\" data-id=\"8e0fcf1\" data-element_type=\"column\" data-e-type=\"column\">\n\t\t\t<div class=\"elementor-widget-wrap elementor-element-populated\">\n\t\t\t\t\t\t<section class=\"elementor-section elementor-inner-section elementor-element elementor-element-1a0da78 elementor-section-boxed elementor-section-height-default elementor-section-height-default\" data-id=\"1a0da78\" data-element_type=\"section\" data-e-type=\"section\">\n\t\t\t\t\t\t<div class=\"elementor-container elementor-column-gap-default\">\n\t\t\t\t\t<div class=\"elementor-column elementor-col-50 elementor-inner-column elementor-element elementor-element-d3c5daa\" data-id=\"d3c5daa\" data-element_type=\"column\" data-e-type=\"column\">\n\t\t\t<div class=\"elementor-widget-wrap elementor-element-populated\">\n\t\t\t\t\t\t<div class=\"elementor-element elementor-element-6acf16e elementor-widget elementor-widget-heading\" data-id=\"6acf16e\" data-element_type=\"widget\" data-e-type=\"widget\" data-widget_type=\"heading.default\">\n\t\t\t\t<div class=\"elementor-widget-container\">\n\t\t\t\t\t<h2 class=\"elementor-heading-title elementor-size-default\">Ich schaffe R\u00e4ume, um Beziehungen bewusst zu gestalten - <br>deine Beziehung zu dir selbst, zu den Menschen in deinem Leben und zu deiner Umwelt.<\/h2>\t\t\t\t<\/div>\n\t\t\t\t<\/div>\n\t\t\t\t\t<\/div>\n\t\t<\/div>\n\t\t\t\t<div class=\"elementor-column elementor-col-50 elementor-inner-column elementor-element elementor-element-d5c263e\" data-id=\"d5c263e\" data-element_type=\"column\" data-e-type=\"column\">\n\t\t\t<div class=\"elementor-widget-wrap elementor-element-populated\">\n\t\t\t\t\t\t<div class=\"elementor-element elementor-element-fdf847d elementor-widget elementor-widget-image\" data-id=\"fdf847d\" data-element_type=\"widget\" data-e-type=\"widget\" data-widget_type=\"image.default\">\n\t\t\t\t<div class=\"elementor-widget-container\">\n\t\t\t\t\t\t\t\t\t\t\t\t\t\t\t<img fetchpriority=\"high\" decoding=\"async\" width=\"810\" height=\"810\" src=\"https:\/\/grossesgestalten.de\/wp-content\/uploads\/2025\/02\/GrosseCaroline-1024x1024.png\" class=\"attachment-large size-large wp-image-2797\" alt=\"\" srcset=\"https:\/\/grossesgestalten.de\/wp-content\/uploads\/2025\/02\/GrosseCaroline-1024x1024.png 1024w, https:\/\/grossesgestalten.de\/wp-content\/uploads\/2025\/02\/GrosseCaroline-300x300.png 300w, https:\/\/grossesgestalten.de\/wp-content\/uploads\/2025\/02\/GrosseCaroline-150x150.png 150w, https:\/\/grossesgestalten.de\/wp-content\/uploads\/2025\/02\/GrosseCaroline-768x767.png 768w, https:\/\/grossesgestalten.de\/wp-content\/uploads\/2025\/02\/GrosseCaroline-12x12.png 12w, https:\/\/grossesgestalten.de\/wp-content\/uploads\/2025\/02\/GrosseCaroline-60x60.png 60w, https:\/\/grossesgestalten.de\/wp-content\/uploads\/2025\/02\/GrosseCaroline.png 1280w\" sizes=\"(max-width: 810px) 100vw, 810px\" \/>\t\t\t\t\t\t\t\t\t\t\t\t\t\t\t<\/div>\n\t\t\t\t<\/div>\n\t\t\t\t\t<\/div>\n\t\t<\/div>\n\t\t\t\t\t<\/div>\n\t\t<\/section>\n\t\t\t\t\t<\/div>\n\t\t<\/div>\n\t\t\t\t\t<\/div>\n\t\t<\/section>\n\t\t\t\t<section class=\"elementor-section elementor-top-section elementor-element elementor-element-da85eee elementor-section-boxed elementor-section-height-default elementor-section-height-default\" data-id=\"da85eee\" data-element_type=\"section\" data-e-type=\"section\">\n\t\t\t\t\t\t<div class=\"elementor-container elementor-column-gap-default\">\n\t\t\t\t\t<div class=\"elementor-column elementor-col-20 elementor-top-column elementor-element elementor-element-64c73eb\" data-id=\"64c73eb\" data-element_type=\"column\" data-e-type=\"column\">\n\t\t\t<div class=\"elementor-widget-wrap elementor-element-populated\">\n\t\t\t\t\t\t<div class=\"elementor-element elementor-element-54bca29 elementor-widget elementor-widget-image\" data-id=\"54bca29\" data-element_type=\"widget\" data-e-type=\"widget\" data-widget_type=\"image.default\">\n\t\t\t\t<div class=\"elementor-widget-container\">\n\t\t\t\t\t\t\t\t\t\t\t\t<figure class=\"wp-caption\">\n\t\t\t\t\t\t\t\t\t\t\t<a href=\"https:\/\/grossesgestalten.de\/de\/gestaltungsraum\/coaching\/\">\n\t\t\t\t\t\t\t<img decoding=\"async\" width=\"150\" height=\"150\" src=\"https:\/\/grossesgestalten.de\/wp-content\/uploads\/2020\/04\/Sprechblasen-150x150.png\" class=\"attachment-thumbnail size-thumbnail wp-image-148\" alt=\"\" srcset=\"https:\/\/grossesgestalten.de\/wp-content\/uploads\/2020\/04\/Sprechblasen-150x150.png 150w, https:\/\/grossesgestalten.de\/wp-content\/uploads\/2020\/04\/Sprechblasen-300x300.png 300w, https:\/\/grossesgestalten.de\/wp-content\/uploads\/2020\/04\/Sprechblasen-60x60.png 60w, https:\/\/grossesgestalten.de\/wp-content\/uploads\/2020\/04\/Sprechblasen.png 500w\" sizes=\"(max-width: 150px) 100vw, 150px\" \/>\t\t\t\t\t\t\t\t<\/a>\n\t\t\t\t\t\t\t\t\t\t\t<figcaption class=\"widget-image-caption wp-caption-text\">prozessorientiertes Coaching<\/figcaption>\n\t\t\t\t\t\t\t\t\t\t<\/figure>\n\t\t\t\t\t\t\t\t\t<\/div>\n\t\t\t\t<\/div>\n\t\t\t\t\t<\/div>\n\t\t<\/div>\n\t\t\t\t<div class=\"elementor-column elementor-col-20 elementor-top-column elementor-element elementor-element-46bfdc2\" data-id=\"46bfdc2\" data-element_type=\"column\" data-e-type=\"column\">\n\t\t\t<div class=\"elementor-widget-wrap elementor-element-populated\">\n\t\t\t\t\t\t<div class=\"elementor-element elementor-element-f723aad elementor-widget elementor-widget-image\" data-id=\"f723aad\" data-element_type=\"widget\" data-e-type=\"widget\" data-widget_type=\"image.default\">\n\t\t\t\t<div class=\"elementor-widget-container\">\n\t\t\t\t\t\t\t\t\t\t\t\t<figure class=\"wp-caption\">\n\t\t\t\t\t\t\t\t\t\t\t<a href=\"https:\/\/grossesgestalten.de\/de\/trainings\/\">\n\t\t\t\t\t\t\t<img decoding=\"async\" width=\"150\" height=\"150\" src=\"https:\/\/grossesgestalten.de\/wp-content\/uploads\/2024\/03\/Seminare-1-150x150.png\" class=\"attachment-thumbnail size-thumbnail wp-image-2146\" alt=\"\" srcset=\"https:\/\/grossesgestalten.de\/wp-content\/uploads\/2024\/03\/Seminare-1-150x150.png 150w, https:\/\/grossesgestalten.de\/wp-content\/uploads\/2024\/03\/Seminare-1-298x300.png 298w, https:\/\/grossesgestalten.de\/wp-content\/uploads\/2024\/03\/Seminare-1-1016x1024.png 1016w, https:\/\/grossesgestalten.de\/wp-content\/uploads\/2024\/03\/Seminare-1-768x774.png 768w, https:\/\/grossesgestalten.de\/wp-content\/uploads\/2024\/03\/Seminare-1-12x12.png 12w, https:\/\/grossesgestalten.de\/wp-content\/uploads\/2024\/03\/Seminare-1-60x60.png 60w, https:\/\/grossesgestalten.de\/wp-content\/uploads\/2024\/03\/Seminare-1.png 1267w\" sizes=\"(max-width: 150px) 100vw, 150px\" \/>\t\t\t\t\t\t\t\t<\/a>\n\t\t\t\t\t\t\t\t\t\t\t<figcaption class=\"widget-image-caption wp-caption-text\">Trainings<\/figcaption>\n\t\t\t\t\t\t\t\t\t\t<\/figure>\n\t\t\t\t\t\t\t\t\t<\/div>\n\t\t\t\t<\/div>\n\t\t\t\t\t<\/div>\n\t\t<\/div>\n\t\t\t\t<div class=\"elementor-column elementor-col-20 elementor-top-column elementor-element elementor-element-7e546dd\" data-id=\"7e546dd\" data-element_type=\"column\" data-e-type=\"column\">\n\t\t\t<div class=\"elementor-widget-wrap elementor-element-populated\">\n\t\t\t\t\t\t<div class=\"elementor-element elementor-element-8851a4f elementor-widget elementor-widget-image\" data-id=\"8851a4f\" data-element_type=\"widget\" data-e-type=\"widget\" data-widget_type=\"image.default\">\n\t\t\t\t<div class=\"elementor-widget-container\">\n\t\t\t\t\t\t\t\t\t\t\t\t<figure class=\"wp-caption\">\n\t\t\t\t\t\t\t\t\t\t\t<a href=\"https:\/\/grossesgestalten.de\/de\/supervision\/\">\n\t\t\t\t\t\t\t<img loading=\"lazy\" decoding=\"async\" width=\"150\" height=\"150\" src=\"https:\/\/grossesgestalten.de\/wp-content\/uploads\/2024\/03\/Vogelperspektive-1-150x150.png\" class=\"attachment-thumbnail size-thumbnail wp-image-2148\" alt=\"\" srcset=\"https:\/\/grossesgestalten.de\/wp-content\/uploads\/2024\/03\/Vogelperspektive-1-150x150.png 150w, https:\/\/grossesgestalten.de\/wp-content\/uploads\/2024\/03\/Vogelperspektive-1-12x12.png 12w\" sizes=\"(max-width: 150px) 100vw, 150px\" \/>\t\t\t\t\t\t\t\t<\/a>\n\t\t\t\t\t\t\t\t\t\t\t<figcaption class=\"widget-image-caption wp-caption-text\">prozessorientierte Supervision<\/figcaption>\n\t\t\t\t\t\t\t\t\t\t<\/figure>\n\t\t\t\t\t\t\t\t\t<\/div>\n\t\t\t\t<\/div>\n\t\t\t\t\t<\/div>\n\t\t<\/div>\n\t\t\t\t<div class=\"elementor-column elementor-col-20 elementor-top-column elementor-element elementor-element-ac825df\" data-id=\"ac825df\" data-element_type=\"column\" data-e-type=\"column\">\n\t\t\t<div class=\"elementor-widget-wrap elementor-element-populated\">\n\t\t\t\t\t\t<div class=\"elementor-element elementor-element-3c8a196 elementor-widget elementor-widget-image\" data-id=\"3c8a196\" data-element_type=\"widget\" data-e-type=\"widget\" data-widget_type=\"image.default\">\n\t\t\t\t<div class=\"elementor-widget-container\">\n\t\t\t\t\t\t\t\t\t\t\t\t<figure class=\"wp-caption\">\n\t\t\t\t\t\t\t\t\t\t\t<a href=\"https:\/\/grossesgestalten.de\/blog\/\">\n\t\t\t\t\t\t\t<img loading=\"lazy\" decoding=\"async\" width=\"150\" height=\"150\" src=\"https:\/\/grossesgestalten.de\/wp-content\/uploads\/2024\/03\/Blog-bla-150x150.png\" class=\"attachment-thumbnail size-thumbnail wp-image-2145\" alt=\"\" srcset=\"https:\/\/grossesgestalten.de\/wp-content\/uploads\/2024\/03\/Blog-bla-150x150.png 150w, https:\/\/grossesgestalten.de\/wp-content\/uploads\/2024\/03\/Blog-bla-300x300.png 300w, https:\/\/grossesgestalten.de\/wp-content\/uploads\/2024\/03\/Blog-bla-12x12.png 12w, https:\/\/grossesgestalten.de\/wp-content\/uploads\/2024\/03\/Blog-bla-60x60.png 60w, https:\/\/grossesgestalten.de\/wp-content\/uploads\/2024\/03\/Blog-bla.png 651w\" sizes=\"(max-width: 150px) 100vw, 150px\" \/>\t\t\t\t\t\t\t\t<\/a>\n\t\t\t\t\t\t\t\t\t\t\t<figcaption class=\"widget-image-caption wp-caption-text\">Blog<\/figcaption>\n\t\t\t\t\t\t\t\t\t\t<\/figure>\n\t\t\t\t\t\t\t\t\t<\/div>\n\t\t\t\t<\/div>\n\t\t\t\t\t<\/div>\n\t\t<\/div>\n\t\t\t\t<div class=\"elementor-column elementor-col-20 elementor-top-column elementor-element elementor-element-08f2752\" data-id=\"08f2752\" data-element_type=\"column\" data-e-type=\"column\">\n\t\t\t<div class=\"elementor-widget-wrap elementor-element-populated\">\n\t\t\t\t\t\t<div class=\"elementor-element elementor-element-1ce08f5 elementor-widget elementor-widget-image\" data-id=\"1ce08f5\" data-element_type=\"widget\" data-e-type=\"widget\" data-widget_type=\"image.default\">\n\t\t\t\t<div class=\"elementor-widget-container\">\n\t\t\t\t\t\t\t\t\t\t\t\t<figure class=\"wp-caption\">\n\t\t\t\t\t\t\t\t\t\t\t<a href=\"https:\/\/grossesgestalten.de\/drachennest\">\n\t\t\t\t\t\t\t<img loading=\"lazy\" decoding=\"async\" width=\"150\" height=\"150\" src=\"https:\/\/grossesgestalten.de\/wp-content\/uploads\/2020\/04\/Literatur-150x150.png\" class=\"attachment-thumbnail size-thumbnail wp-image-146\" alt=\"\" srcset=\"https:\/\/grossesgestalten.de\/wp-content\/uploads\/2020\/04\/Literatur-150x150.png 150w, https:\/\/grossesgestalten.de\/wp-content\/uploads\/2020\/04\/Literatur-300x300.png 300w, https:\/\/grossesgestalten.de\/wp-content\/uploads\/2020\/04\/Literatur-60x60.png 60w, https:\/\/grossesgestalten.de\/wp-content\/uploads\/2020\/04\/Literatur.png 500w\" sizes=\"(max-width: 150px) 100vw, 150px\" \/>\t\t\t\t\t\t\t\t<\/a>\n\t\t\t\t\t\t\t\t\t\t\t<figcaption class=\"widget-image-caption wp-caption-text\">Buchprojekte<\/figcaption>\n\t\t\t\t\t\t\t\t\t\t<\/figure>\n\t\t\t\t\t\t\t\t\t<\/div>\n\t\t\t\t<\/div>\n\t\t\t\t\t<\/div>\n\t\t<\/div>\n\t\t\t\t\t<\/div>\n\t\t<\/section>\n\t\t\t\t<\/div>\n\t\t","protected":false},"excerpt":{"rendered":"<p>Ich schaffe R\u00e4ume, um Beziehungen bewusst zu gestalten &#8211; deine Beziehung zu dir selbst, zu den Menschen in deinem Leben und zu deiner Umwelt. prozessorientiertes Coaching Trainings prozessorientierte Supervision Blog Buchprojekte<\/p>\n","protected":false},"author":1,"featured_media":0,"parent":0,"menu_order":0,"comment_status":"closed","ping_status":"closed","template":"elementor_header_footer","meta":{"_seopress_robots_primary_cat":"","_seopress_titles_title":"Gro\u00dfes Gestalten","_seopress_titles_desc":"Prozessorientiertes Coaching f\u00fcr Business und Privatpersonen, Trainings, Supervision und Prozessbegleitung f\u00fcr Universit\u00e4ten, Organisationen und Tr\u00e4ger sowie F\u00fchrungskr\u00e4fte, die auf eine nachhaltige Unternehmensentwicklung setzen","_seopress_robots_index":"","footnotes":""},"class_list":["post-105","page","type-page","status-publish","hentry"],"_links":{"self":[{"href":"https:\/\/grossesgestalten.de\/de\/wp-json\/wp\/v2\/pages\/105","targetHints":{"allow":["GET"]}}],"collection":[{"href":"https:\/\/grossesgestalten.de\/de\/wp-json\/wp\/v2\/pages"}],"about":[{"href":"https:\/\/grossesgestalten.de\/de\/wp-json\/wp\/v2\/types\/page"}],"author":[{"embeddable":true,"href":"https:\/\/grossesgestalten.de\/de\/wp-json\/wp\/v2\/users\/1"}],"replies":[{"embeddable":true,"href":"https:\/\/grossesgestalten.de\/de\/wp-json\/wp\/v2\/comments?post=105"}],"version-history":[{"count":320,"href":"https:\/\/grossesgestalten.de\/de\/wp-json\/wp\/v2\/pages\/105\/revisions"}],"predecessor-version":[{"id":3002,"href":"https:\/\/grossesgestalten.de\/de\/wp-json\/wp\/v2\/pages\/105\/revisions\/3002"}],"wp:attachment":[{"href":"https:\/\/grossesgestalten.de\/de\/wp-json\/wp\/v2\/media?parent=105"}],"curies":[{"name":"wp","href":"https:\/\/api.w.org\/{rel}","templated":true}]}}